{"id":32252,"date":"2019-10-16T12:28:13","date_gmt":"2019-10-16T12:28:13","guid":{"rendered":"https:\/\/www.primido.com\/contact"},"modified":"2019-10-26T06:13:11","modified_gmt":"2019-10-26T06:13:11","slug":"contact","status":"publish","type":"page","link":"https:\/\/www.primido.com\/pt-pt\/contact","title":{"rendered":"Seu contato conosco"},"content":{"rendered":"<div class=\"wpb-content-wrapper\"><p>[vc_row][vc_column][vc_custom_heading text=&#8221;Seu contato conosco&#8221; font_container=&#8221;tag:h1|font_size:32|text_align:left&#8221; google_fonts=&#8221;font_family:Fira%20Sans%3A300%2C300italic%2C400%2C400italic%2C500%2C500italic%2C700%2C700italic|font_style:700%20bold%20regular%3A700%3Anormal&#8221;][vc_empty_space][\/vc_column][\/vc_row][vc_row][vc_column width=&#8221;2\/5&#8243;][vc_column_text]<\/p>\n<h2>Detalhes de contato<\/h2>\n<p>[\/vc_column_text][vc_separator color=&#8221;custom&#8221; align=&#8221;align_left&#8221; border_width=&#8221;2&#8243; el_width=&#8221;10&#8243; accent_color=&#8221;#ba3d3e&#8221; css=&#8221;.vc_custom_1571236467777{margin-top: -25px !important;}&#8221;][vc_empty_space height=&#8221;26px&#8221;][vc_column_text]Use o formul\u00e1rio de contato para todas as perguntas. N\u00f3s atenderemos sua solicita\u00e7\u00e3o o mais r\u00e1pido poss\u00edvel e responderemos a voc\u00ea.[\/vc_column_text][ultimate_icon_list icon_size=&#8221;33&#8243; icon_margin=&#8221;22&#8243; css_icon_list=&#8221;.vc_custom_1571286522019{margin-bottom: 15px !important;}&#8221;][ultimate_icon_list_item icon_type=&#8221;custom&#8221; icon_img=&#8221;id^32145|url^https:\/\/www.primido.com\/wp-content\/uploads\/2019\/10\/ko1.png|caption^null|alt^null|title^ko1|description^null&#8221; content_font_size=&#8221;desktop:14px;&#8221; content_font_color=&#8221;#5d6475&#8243; content_line_ht=&#8221;desktop:35px;&#8221;]+49 176 377 090 70[\/ultimate_icon_list_item][ultimate_icon_list_item icon_type=&#8221;custom&#8221; icon_img=&#8221;id^32185|url^https:\/\/www.primido.com\/wp-content\/uploads\/2019\/10\/ko6.png|caption^null|alt^null|title^ko6|description^null&#8221; content_font_size=&#8221;desktop:14px;&#8221; content_font_color=&#8221;#5d6475&#8243; content_line_ht=&#8221;desktop:35px;&#8221;]info @ camperstime.com[\/ultimate_icon_list_item][ultimate_icon_list_item icon_type=&#8221;custom&#8221; icon_img=&#8221;id^32176|url^https:\/\/www.primido.com\/wp-content\/uploads\/2019\/10\/ko4.png|caption^null|alt^null|title^ko4|description^null&#8221; content_font_size=&#8221;desktop:14px;&#8221; content_font_color=&#8221;#5d6475&#8243; content_line_ht=&#8221;desktop:35px;&#8221;]www.camperstime.com[\/ultimate_icon_list_item][ultimate_icon_list_item icon_type=&#8221;custom&#8221; icon_img=&#8221;id^32239|url^https:\/\/www.primido.com\/wp-content\/uploads\/2019\/10\/ko13.png|caption^null|alt^null|title^ko13|description^null&#8221; content_font_size=&#8221;desktop:14px;&#8221; content_font_color=&#8221;#5d6475&#8243; content_line_ht=&#8221;desktop:35px;&#8221;]Rosa-Hoffmann-Stra\u00dfe 33 \u2022 A-5020 Salzburg[\/ultimate_icon_list_item][ultimate_icon_list_item icon_type=&#8221;custom&#8221; icon_img=&#8221;id^32224|url^https:\/\/www.primido.com\/wp-content\/uploads\/2019\/10\/ko11.png|caption^null|alt^null|title^ko11|description^null&#8221; content_font_size=&#8221;desktop:14px;&#8221; content_font_color=&#8221;#5d6475&#8243; content_line_ht=&#8221;desktop:35px;&#8221;]Segunda &#8211; Sexta 9:00 &#8211; 17:00[\/ultimate_icon_list_item][\/ultimate_icon_list][\/vc_column][vc_column width=&#8221;3\/5&#8243;][vc_column_text]<\/p>\n<h2>Formul\u00e1rio de contato<\/h2>\n<p>[\/vc_column_text][vc_separator color=&#8221;custom&#8221; align=&#8221;align_left&#8221; border_width=&#8221;2&#8243; el_width=&#8221;10&#8243; accent_color=&#8221;#ba3d3e&#8221; css=&#8221;.vc_custom_1571236482314{margin-top: -25px !important;}&#8221;][wpforms id=&#8221;32478&#8243; title=&#8221;false&#8221; description=&#8221;false&#8221;][vc_empty_space height=&#8221;24px&#8221;][vc_column_text]<\/p>\n<p style=\"font-size: 12px; line-height: 14px;\">Informa\u00e7\u00f5es obrigat\u00f3rias de acordo com o Artigo 13 do GDPR No caso do primeiro contato, somos obrigados, nos termos dos artigos 12 e 13 do GDPR, a fornecer as seguintes informa\u00e7\u00f5es obrigat\u00f3rias de prote\u00e7\u00e3o de dados: Se voc\u00ea entrar em contato por e-mail, processaremos seus dados pessoais apenas na medida em que o processamento existe interesse leg\u00edtimo (Artigo 6 (1) (f) GDPR), voc\u00ea consentiu com o tratamento de dados (Artigo 6 (1) (a) GDPR), o processamento para o in\u00edcio, justificativa, conte\u00fado ou modifica\u00e7\u00e3o de uma rela\u00e7\u00e3o jur\u00eddica entre Voc\u00ea e n\u00f3s somos obrigados (Artigo 6 (1) (b) GDPR) ou qualquer outra norma legal que permita o processamento. Seus dados pessoais permanecem conosco at\u00e9 que voc\u00ea nos solicite a exclus\u00e3o, revogue seu consentimento para o armazenamento ou a finalidade do armazenamento de dados seja omitida (por exemplo, ap\u00f3s a conclus\u00e3o de sua preocupa\u00e7\u00e3o). As disposi\u00e7\u00f5es legais obrigat\u00f3rias &#8211; em particular os per\u00edodos de reten\u00e7\u00e3o fiscal e comercial &#8211; permanecem inalteradas. Voc\u00ea tem o direito de, a qualquer momento, receber informa\u00e7\u00f5es sobre a origem, o destinat\u00e1rio e a finalidade dos seus dados pessoais armazenados gratuitamente. Voc\u00ea tamb\u00e9m tem direito de oposi\u00e7\u00e3o, portabilidade de dados e direito de apelar \u00e0 autoridade reguladora apropriada. Voc\u00ea tamb\u00e9m pode solicitar a retifica\u00e7\u00e3o, exclus\u00e3o e, sob certas circunst\u00e2ncias, a restri\u00e7\u00e3o do processamento de seus dados pessoais. Consulte nossa <a href=\"https:\/\/www.primido.com\/pt-pt\/terms-and-conditions\"> Pol\u00edtica de Privacidade<\/a> para obter detalhes. Pode contactar o nosso respons\u00e1vel pela prote\u00e7\u00e3o de dados em datenschutz@cincomedia.eu.<\/p>\n<p>[\/vc_column_text][\/vc_column][\/vc_row]<\/p>\n<\/div>","protected":false},"excerpt":{"rendered":"<p>[vc_row][vc_column][vc_custom_heading text=&#8221;Seu contato conosco&#8221; font_container=&#8221;tag:h1|font_size:32|text_align:left&#8221; google_fonts=&#8221;font_family:Fira%20Sans%3A300%2C300italic%2C400%2C400italic%2C500%2C500italic%2C700%2C700italic|font_style:700%20bold%20regular%3A700%3Anormal&#8221;][vc_empty_space][\/vc_column][\/vc_row][vc_row][vc_column width=&#8221;2\/5&#8243;][vc_column_text] Detalhes de contato [\/vc_column_text][vc_separator color=&#8221;custom&#8221; align=&#8221;align_left&#8221; border_width=&#8221;2&#8243; el_width=&#8221;10&#8243; accent_color=&#8221;#ba3d3e&#8221; css=&#8221;.vc_custom_1571236467777{margin-top: -25px !important;}&#8221;][vc_empty_space height=&#8221;26px&#8221;][vc_column_text]Use o formul\u00e1rio de contato para todas as perguntas. N\u00f3s atenderemos sua solicita\u00e7\u00e3o o mais r\u00e1pido poss\u00edvel e responderemos a voc\u00ea.[\/vc_column_text][ultimate_icon_list icon_size=&#8221;33&#8243; icon_margin=&#8221;22&#8243; css_icon_list=&#8221;.vc_custom_1571286522019{margin-bottom: 15px !important;}&#8221;][ultimate_icon_list_item icon_type=&#8221;custom&#8221; icon_img=&#8221;id^32145|url^https:\/\/www.primido.com\/wp-content\/uploads\/2019\/10\/ko1.png|caption^null|alt^null|title^ko1|description^null&#8221; content_font_size=&#8221;desktop:14px;&#8221; content_font_color=&#8221;#5d6475&#8243; content_line_ht=&#8221;desktop:35px;&#8221;]+49 176 377 090 70[\/ultimate_icon_list_item][ultimate_icon_list_item icon_type=&#8221;custom&#8221; &#8230;<\/p>\n","protected":false},"author":1,"featured_media":0,"parent":0,"menu_order":0,"comment_status":"closed","ping_status":"closed","template":"","meta":{"inline_featured_image":false,"footnotes":""},"class_list":["post-32252","page","type-page","status-publish","hentry"],"_links":{"self":[{"href":"https:\/\/www.primido.com\/pt-pt\/wp-json\/wp\/v2\/pages\/32252","targetHints":{"allow":["GET"]}}],"collection":[{"href":"https:\/\/www.primido.com\/pt-pt\/wp-json\/wp\/v2\/pages"}],"about":[{"href":"https:\/\/www.primido.com\/pt-pt\/wp-json\/wp\/v2\/types\/page"}],"author":[{"embeddable":true,"href":"https:\/\/www.primido.com\/pt-pt\/wp-json\/wp\/v2\/users\/1"}],"replies":[{"embeddable":true,"href":"https:\/\/www.primido.com\/pt-pt\/wp-json\/wp\/v2\/comments?post=32252"}],"version-history":[{"count":0,"href":"https:\/\/www.primido.com\/pt-pt\/wp-json\/wp\/v2\/pages\/32252\/revisions"}],"wp:attachment":[{"href":"https:\/\/www.primido.com\/pt-pt\/wp-json\/wp\/v2\/media?parent=32252"}],"curies":[{"name":"wp","href":"https:\/\/api.w.org\/{rel}","templated":true}]}}