{"id":28530,"date":"2019-08-15T06:43:35","date_gmt":"2019-08-15T06:43:35","guid":{"rendered":"https:\/\/www.primido.com\/impressum"},"modified":"2019-10-26T07:43:22","modified_gmt":"2019-10-26T07:43:22","slug":"cunho","status":"publish","type":"page","link":"https:\/\/www.primido.com\/pt-pt\/cunho","title":{"rendered":"Cunho"},"content":{"rendered":"<div class=\"wpb-content-wrapper\"><p>[vc_row][vc_column width=&#8221;1\/2&#8243;][vc_column_text css=&#8221;.vc_custom_1572074859471{padding-top: 15px !important;padding-right: 15px !important;padding-bottom: 15px !important;background-color: #ffffff !important;}&#8221;]<\/p>\n<h1>Cunho<\/h1>\n<p>[\/vc_column_text][vc_separator color=&#8221;custom&#8221; align=&#8221;align_left&#8221; border_width=&#8221;2&#8243; el_width=&#8221;10&#8243; accent_color=&#8221;#ba3d3e&#8221; css=&#8221;.vc_custom_1571247810316{margin-top: -25px !important;}&#8221;][vc_single_image image=&#8221;32365&#8243; img_size=&#8221;full&#8221;][vc_column_text css=&#8221;.vc_custom_1572075236062{margin-top: -25px !important;}&#8221;]<!--StartFragment --><\/p>\n<p>Software GmbH<br \/>\nRosa-Hoffmann-Stra\u00dfe 33<br \/>\nA-5020 Salzburg<\/p>\n<p><strong>CEO:<\/strong><br \/>\n<a href=\"https:\/\/www.primido.com\/wp-content\/uploads\/2019\/10\/TG-campers.png\"><img loading=\"lazy\" decoding=\"async\" class=\"alignnone size-full wp-image-32397\" src=\"https:\/\/www.primido.com\/wp-content\/uploads\/2019\/10\/TG-campers.png\" alt=\"\" width=\"81\" height=\"15\" \/><\/a><\/p>\n<p><strong>Registro de companhia:<\/strong><br \/>\nLandesgericht Salzburg<\/p>\n<p><strong>N\u00famero de registro corporativo:<\/strong><br \/>\nFN 36 11 49 b<\/p>\n<p><strong>N\u00fameros fiscais:<\/strong><br \/>\nUID: ATU66522355<br \/>\nSt-Nr.: 149\/0589[\/vc_column_text][\/vc_column][vc_column width=&#8221;1\/2&#8243;][vc_column_text css=&#8221;.vc_custom_1572074918686{padding-top: 15px !important;padding-right: 15px !important;padding-bottom: 15px !important;background-color: #ffffff !important;}&#8221;]<\/p>\n<h1>Cr\u00e9ditos das fotos<\/h1>\n<p>[\/vc_column_text][vc_separator color=&#8221;custom&#8221; align=&#8221;align_left&#8221; border_width=&#8221;2&#8243; el_width=&#8221;10&#8243; accent_color=&#8221;#ba3d3e&#8221; css=&#8221;.vc_custom_1571247810316{margin-top: -25px !important;}&#8221;][vc_column_text css=&#8221;.vc_custom_1572075366954{margin-top: -10px !important;padding-bottom: 15px !important;background-color: #ffffff !important;}&#8221;]<strong>P\u00e1gina inicial<\/strong><br \/>\n\u00a9 Dean Drobot | 123rf.com<br \/>\n\u00a9 flocu | bigstockphoto.com<\/p>\n<p><strong>\u00c9 assim que funciona<\/strong><br \/>\n\u00a9 Andrey Armyagov | bigstockphoto.com<\/p>\n<p><strong>Informa\u00e7\u00f5es para provedores<\/strong><br \/>\n\u00a9 Achi_Studio | bigstockphoto.com[\/vc_column_text][\/vc_column][\/vc_row][vc_row][vc_column][vc_empty_space height=&#8221;72px&#8221;][\/vc_column][\/vc_row][vc_row full_width=&#8221;stretch_row&#8221; css=&#8221;.vc_custom_1571248625015{margin-bottom: -45px !important;background-color: #ba3d3e !important;}&#8221;][vc_column][vc_column_text]<img loading=\"lazy\" decoding=\"async\" class=\"alignnone size-full wp-image-31300 aligncenter\" src=\"https:\/\/www.primido.com\/wp-content\/uploads\/2019\/10\/icon-telefon1.png\" alt=\"\" width=\"100\" height=\"105\" srcset=\"https:\/\/www.primido.com\/wp-content\/uploads\/2019\/10\/icon-telefon1.png 100w, https:\/\/www.primido.com\/wp-content\/uploads\/2019\/10\/icon-telefon1-20x20.png 20w\" sizes=\"auto, (max-width: 100px) 100vw, 100px\" \/><\/p>\n<h3 style=\"text-align: center;\"><span style=\"color: #ffffff;\">Voc\u00ea ainda tem perguntas?<\/span><\/h3>\n<p style=\"text-align: center;\"><span style=\"color: #ffffff;\">Entre em contato diretamente com nossa equipe de suporte!<\/span><\/p>\n<p style=\"text-align: center;\"><a class=\"custom_wpestate_rentals\" href=\"\/pt-pt\/contact\">Entre em contato com o suporte<\/a><\/p>\n<p>[\/vc_column_text][\/vc_column][\/vc_row]<\/p>\n<\/div>","protected":false},"excerpt":{"rendered":"<p>[vc_row][vc_column width=&#8221;1\/2&#8243;][vc_column_text css=&#8221;.vc_custom_1572074859471{padding-top: 15px !important;padding-right: 15px !important;padding-bottom: 15px !important;background-color: #ffffff !important;}&#8221;] Cunho [\/vc_column_text][vc_separator color=&#8221;custom&#8221; align=&#8221;align_left&#8221; border_width=&#8221;2&#8243; el_width=&#8221;10&#8243; accent_color=&#8221;#ba3d3e&#8221; css=&#8221;.vc_custom_1571247810316{margin-top: -25px !important;}&#8221;][vc_single_image image=&#8221;32365&#8243; img_size=&#8221;full&#8221;][vc_column_text css=&#8221;.vc_custom_1572075236062{margin-top: -25px !important;}&#8221;] Software GmbH Rosa-Hoffmann-Stra\u00dfe 33 A-5020 Salzburg CEO: Registro de companhia: Landesgericht Salzburg N\u00famero de registro corporativo: FN 36 11 49 b N\u00fameros fiscais: UID: ATU66522355 St-Nr.: 149\/0589[\/vc_column_text][\/vc_column][vc_column width=&#8221;1\/2&#8243;][vc_column_text css=&#8221;.vc_custom_1572074918686{padding-top: &#8230;<\/p>\n","protected":false},"author":1,"featured_media":0,"parent":0,"menu_order":0,"comment_status":"closed","ping_status":"closed","template":"","meta":{"inline_featured_image":false,"footnotes":""},"class_list":["post-28530","page","type-page","status-publish","hentry"],"_links":{"self":[{"href":"https:\/\/www.primido.com\/pt-pt\/wp-json\/wp\/v2\/pages\/28530","targetHints":{"allow":["GET"]}}],"collection":[{"href":"https:\/\/www.primido.com\/pt-pt\/wp-json\/wp\/v2\/pages"}],"about":[{"href":"https:\/\/www.primido.com\/pt-pt\/wp-json\/wp\/v2\/types\/page"}],"author":[{"embeddable":true,"href":"https:\/\/www.primido.com\/pt-pt\/wp-json\/wp\/v2\/users\/1"}],"replies":[{"embeddable":true,"href":"https:\/\/www.primido.com\/pt-pt\/wp-json\/wp\/v2\/comments?post=28530"}],"version-history":[{"count":0,"href":"https:\/\/www.primido.com\/pt-pt\/wp-json\/wp\/v2\/pages\/28530\/revisions"}],"wp:attachment":[{"href":"https:\/\/www.primido.com\/pt-pt\/wp-json\/wp\/v2\/media?parent=28530"}],"curies":[{"name":"wp","href":"https:\/\/api.w.org\/{rel}","templated":true}]}}