{"id":28509,"date":"2019-08-14T08:31:38","date_gmt":"2019-08-14T08:31:38","guid":{"rendered":"https:\/\/www.primido.com\/campingplatz-wohnmobilstellplaetze-eintragen"},"modified":"2019-10-13T07:40:29","modified_gmt":"2019-10-13T07:40:29","slug":"registro-dei-campeggi-gratis","status":"publish","type":"page","link":"https:\/\/www.primido.com\/it\/registro-dei-campeggi-gratis","title":{"rendered":"Registro dei campeggi"},"content":{"rendered":"<div class=\"wpb-content-wrapper\"><p>[vc_row full_width=&#8221;stretch_row&#8221; css=&#8221;.vc_custom_1569743364211{margin-top: -64px !important;padding-top: 10px !important;padding-bottom: 35px !important;background-color: #ba3d3e !important;}&#8221;][vc_column width=&#8221;2\/3&#8243;][vc_empty_space height=&#8221;132px&#8221;][vc_column_text]<\/p>\n<h1><span style=\"color: #ffffff; font-size: 40px; line-height: 44px; margin-top: 100px;\">Registra direttamente il tuo campeggio<\/span><\/h1>\n<p><span style=\"color: #ffffff; font-size: 30px; line-height: 34px; margin-top: 20px;\">Chiunque gestisca un campeggio, abbia spazio o piazzole per roulotte o camper in affitto, ha ragione.<\/span><\/p>\n<div class=\"nomob1\"><a class=\"custom_wpestate_rentals\" href=\"\/it\/add-new-listing\/\">Aggiungi campeggio<\/a><\/div>\n<p>[\/vc_column_text][\/vc_column][vc_column width=&#8221;1\/3&#8243; el_class=&#8221;regno&#8221;]\n        <div class=\"login_form shortcode-login\">\n                <div class=\"loginalert\" id=\"register_message_area_sh\" ><\/div>\n\n                <div class=\"loginrow\">\n                    <input type=\"text\" name=\"user_login_register\" id=\"user_login_register_sh\" class=\"form-control\" placeholder=\"Nome utente\" size=\"20\" \/>\n                <\/div>\n            <div class=\"loginrow\">\n                <input type=\"text\" name=\"user_email_register\" id=\"user_email_register_sh\" class=\"form-control\" placeholder=\"Email\" size=\"20\" \/>\n            <\/div>\n\n            <div class=\"loginrow password_holder\">\n                <input type=\"password\" name=\"user_password\" id=\"user_password_sh\" class=\"form-control\" placeholder=\"Parola d&#039;ordine\" size=\"20\" \/>\n                <i class=\" far fa-eye-slash show_hide_password\"><\/i>\n            <\/div>\n            <div class=\"loginrow password_holder\">\n                <input type=\"password\" name=\"user_password_retype\" id=\"user_password_retype_sh\" class=\"form-control\" placeholder=\"Ripeti password\" size=\"20\" \/>\n                <i class=\" far fa-eye-slash show_hide_password\"><\/i>\n            <\/div>\n            <div class=\"acc_radio\">\n            <input type=\"radio\" name=\"acc_type_sh\" id=\"acctype0\" value=\"1\" checked required>\n            <div class=\"radiolabel\" for=\"acctype0\">Prenota un campeggio<\/div><br>\n            <input type=\"radio\" name=\"acc_type_sh\" id=\"acctype1\" value=\"0\" required>\n            <div class=\"radiolabel\" for=\"acctype1\">Entra nel campeggio<\/div><\/div> \n        <input type=\"checkbox\" name=\"terms\" id=\"user_terms_register_sh_sh\">\n        <label id=\"user_terms_register_sh_label\" for=\"user_terms_register_sh\">Sono d&#039;accordo con i <a href=\"https:\/\/www.primido.com\/it\/terms-and-conditions\" target=\"_blank\" id=\"user_terms_register_topbar_link\">Privacy Policy<\/a> <\/label><div id=\"capthca_register_sh\" style=\"margin:10px 0px;float:left;transform:scale(1.02);-webkit-transform:scale(1.02);transform-origin:0 0;-webkit-transform-origin:0 0;\"><\/div><button\n               data-sitekey=\"6LcjW-8UAAAAAARoZnpaq8CDgguBgxGfFDotJwxx\" \n        data-callback=Wprentals_onSubmit\" \n        data-action=\"submit\"\n                 id=\"wp-submit-register_sh\"  style=\"margin-top:10px;\" class=\"wpb_button  wpb_btn-info  wpb_btn-small wpestate_vc_button  vc_button g-recaptcha\">Crea un account<\/button>\n        <input type=\"hidden\" id=\"security-register_sh\" name=\"security-register\" value=\"953d3e0140-1778071005\"><\/div>[\/vc_column][\/vc_row][vc_row full_width=&#8221;stretch_row&#8221; css=&#8221;.vc_custom_1569742951369{padding-top: 40px !important;background-color: #ffffff !important;}&#8221;][vc_column][vc_column_text]<\/p>\n<h2 style=\"text-align: center; font-size: 32px;\">\u00c8 cos\u00ec facile<\/h2>\n<p>[\/vc_column_text][vc_zigzag color=&#8221;custom&#8221; el_width=&#8221;40&#8243; css=&#8221;.vc_custom_1569941732960{margin-top: -20px !important;margin-bottom: 45px !important;}&#8221; custom_color=&#8221;#c6c6c6&#8243;][\/vc_column][\/vc_row][vc_row full_width=&#8221;stretch_row&#8221; css=&#8221;.vc_custom_1569747276886{margin-top: -30px !important;padding-bottom: 30px !important;background-color: #ffffff !important;}&#8221;][vc_column width=&#8221;1\/5&#8243;][vc_single_image image=&#8221;30306&#8243; img_size=&#8221;full&#8221; alignment=&#8221;center&#8221;][vc_column_text]<\/p>\n<h3 style=\"text-align: center;\"><span style=\"color: #ba3d3e;\">Registrazione <\/span><\/h3>\n<p style=\"text-align: center;\">Iscriviti come campeggio o padrone di casa<br \/>\non. Dopo l&#8217;attivazione avrai accesso diretto alla tua dashboard.<\/p>\n<p>[\/vc_column_text][\/vc_column][vc_column width=&#8221;1\/5&#8243; el_class=&#8221;nomob&#8221;][vc_empty_space height=&#8221;245px&#8221;][vc_single_image image=&#8221;29462&#8243; img_size=&#8221;full&#8221; alignment=&#8221;center&#8221;][\/vc_column][vc_column width=&#8221;1\/5&#8243;][vc_empty_space height=&#8221;52px&#8221;][vc_single_image image=&#8221;30383&#8243; img_size=&#8221;full&#8221; alignment=&#8221;center&#8221;][vc_column_text]<\/p>\n<h3 style=\"text-align: center;\"><span style=\"color: #ba3d3e;\">Inserisci l&#8217;offerta <\/span><\/h3>\n<p style=\"text-align: center;\">Nella tua dashboard puoi inserire la tua offerta di noleggio o il tuo campeggio direttamente nella rispettiva categoria. Una registrazione viene effettuata rapidamente e richiede solo pochi minuti.<\/p>\n<p>[\/vc_column_text][\/vc_column][vc_column width=&#8221;1\/5&#8243; el_class=&#8221;nomob&#8221;][vc_empty_space height=&#8221;205px&#8221;][vc_single_image image=&#8221;29455&#8243; img_size=&#8221;full&#8221; alignment=&#8221;center&#8221;][\/vc_column][vc_column width=&#8221;1\/5&#8243;][vc_single_image image=&#8221;30438&#8243; img_size=&#8221;full&#8221; alignment=&#8221;center&#8221;][vc_column_text]<\/p>\n<h3 style=\"text-align: center;\"><span style=\"color: #ba3d3e;\">Prenotazioni dei clienti<\/span><\/h3>\n<p style=\"text-align: center;\">Se le tue iscrizioni sono online, puoi accettare le prime prenotazioni o prenotazioni da nuovi clienti e generare il primo turnover di prenotazione.<\/p>\n<p>[\/vc_column_text][\/vc_column][\/vc_row][vc_row full_width=&#8221;stretch_row&#8221; css=&#8221;.vc_custom_1569764973738{background-color: #f2f2f2 !important;}&#8221;][vc_column width=&#8221;1\/3&#8243;][vc_single_image image=&#8221;31250&#8243; img_size=&#8221;full&#8221;][\/vc_column][vc_column width=&#8221;2\/3&#8243;][vc_column_text]<\/p>\n<h2><span style=\"font-size: 32px;\">Entra direttamente nel tuo campeggio.<\/span><\/h2>\n<p>Presenta la tua offerta o servizio in un portale di prenotazione professionale: possiamo creare rapidamente e professionalmente il collegamento e la rete tra te e i tuoi futuri inquilini.<\/p>\n<hr \/>\n<h3><span style=\"color: #ba3d3e;\">Iscriviti oggi per presentare le tue offerte di noleggio qui.<\/span><\/h3>\n<hr \/>\n<p>Padrone di casa privato o commerciale, di seguito troverai tutte le informazioni importanti e consigli utili su come noleggiare in camper durante le tue offerte di noleggio.[\/vc_column_text][\/vc_column][\/vc_row][vc_row full_width=&#8221;stretch_row&#8221; css=&#8221;.vc_custom_1569939428257{margin-top: 50px !important;}&#8221;][vc_column][vc_column_text]<\/p>\n<h2 style=\"text-align: center; font-size: 32px;\">I tuoi vantaggi<\/h2>\n<p>[\/vc_column_text][vc_zigzag color=&#8221;custom&#8221; el_width=&#8221;40&#8243; css=&#8221;.vc_custom_1569941747958{margin-top: -20px !important;margin-bottom: 45px !important;}&#8221; custom_color=&#8221;#c6c6c6&#8243;][\/vc_column][\/vc_row][vc_row full_width=&#8221;stretch_row&#8221;][vc_column width=&#8221;1\/6&#8243; el_class=&#8221;nomob&#8221;][vc_single_image image=&#8221;30390&#8243; img_size=&#8221;full&#8221;][vc_empty_space height=&#8221;92px&#8221;][vc_single_image image=&#8221;30362&#8243; img_size=&#8221;full&#8221;][vc_empty_space height=&#8221;92px&#8221;][vc_single_image image=&#8221;30327&#8243; img_size=&#8221;full&#8221;][vc_empty_space height=&#8221;92px&#8221;][vc_single_image image=&#8221;30313&#8243; img_size=&#8221;full&#8221;][\/vc_column][vc_column width=&#8221;1\/6&#8243; el_class=&#8221;nomob&#8221;][vc_empty_space height=&#8221;112px&#8221;][vc_single_image image=&#8221;29448&#8243; img_size=&#8221;full&#8221;][vc_empty_space height=&#8221;82px&#8221;][vc_single_image image=&#8221;29448&#8243; img_size=&#8221;full&#8221;][vc_empty_space height=&#8221;82px&#8221;][vc_single_image image=&#8221;29448&#8243; img_size=&#8221;full&#8221;][\/vc_column][vc_column width=&#8221;4\/6&#8243;][vc_column_text el_class=&#8221;mlef&#8221;]<\/p>\n<p style=\"text-align: left; font-size: 20px; text-transform: uppercase; font-family: 'Fira Sans', sans-serif; color: #212121;\">SISTEMA DI PRENOTAZIONE E CALENDARIO DELLA PRENOTAZIONE<\/p>\n<h3 style=\"text-align: left;\"><span style=\"color: #ba3d3e;\">Imposta disponibilit\u00e0<\/span><\/h3>\n<p style=\"text-align: left;\">Il calendario delle occupazioni mostra ai visitatori l&#8217;attuale disponibilit\u00e0 o occupazione delle loro offerte e servizi di noleggio. \u00c8 anche possibile una prenotazione online diretta o una richiesta tramite il proprio sito Web. I tuoi dati di contatto sono visibili in tutte le varianti di registrazione, in modo che una prenotazione manuale, ad es. per telefono o via email a te \u00e8 possibile. In alternativa, puoi anche collegarti alla tua pagina di prenotazione, dove accetti le prenotazioni.<\/p>\n<p>[\/vc_column_text][vc_empty_space][vc_column_text el_class=&#8221;mlef&#8221;]<\/p>\n<p style=\"text-align: left; font-size: 20px; text-transform: uppercase; font-family: 'Fira Sans', sans-serif; color: #212121;\">Gestisci le prenotazioni<\/p>\n<h3 style=\"text-align: left;\"><span style=\"color: #ba3d3e;\">Prenotazione online &#8211; chiave &#8211; per maggiori vendite<\/span><\/h3>\n<p style=\"text-align: left;\">Visualizza tutte le prenotazioni e le richieste di prenotazione a colpo d&#8217;occhio nella tua dashboard. Se \u00e8 stata effettuata una prenotazione o una prenotazione sulla tua offerta o servizio, verrai automaticamente avvisato tramite e-mail in modo da poter rispondere immediatamente. Se riceviamo una richiesta individuale, la inoltreremo al fornitore appropriato. Approfitta delle vendite aggiuntive qui.<\/p>\n<p>[\/vc_column_text][vc_empty_space][vc_column_text el_class=&#8221;mlef&#8221;]<\/p>\n<p style=\"text-align: left; font-size: 20px; text-transform: uppercase; font-family: 'Fira Sans', sans-serif; color: #212121;\">Dashboard del proprietario<\/p>\n<h3 style=\"text-align: left;\"><span style=\"color: #ba3d3e;\">Gestisci account<\/span><\/h3>\n<p style=\"text-align: left;\">La dashboard del proprietario di casa ordinata \u00e8 l&#8217;hub per tutte le attivit\u00e0 relative alla pubblicazione delle offerte e dei servizi di noleggio. Qui \u00e8 possibile gestire e modificare elenchi e voci esistenti e aggiungere nuovi elementi in qualsiasi momento. Puoi anche utilizzare la dashboard per comunicare con i tuoi clienti e vedere le tue ultime recensioni.<\/p>\n<p>[\/vc_column_text][vc_empty_space][vc_column_text el_class=&#8221;mlef&#8221;]<\/p>\n<p style=\"text-align: left; font-size: 20px; text-transform: uppercase; font-family: 'Fira Sans', sans-serif; color: #212121;\">Pagamento diretto<\/p>\n<h3 style=\"text-align: left;\"><span style=\"color: #ba3d3e;\">Imposta le opzioni di pagamento<\/span><\/h3>\n<p style=\"text-align: left;\">A differenza di molti altri portali di prenotazione, un cliente ti paga sempre direttamente al momento della prenotazione. Riceverai immediatamente i tuoi soldi senza alcun tempo di attesa e sarai in grado di smaltirli dopo aver ricevuto il pagamento. Definisci tu stesso le opzioni di pagamento, indipendentemente dal fatto che un cliente debba pagare immediatamente o successivamente tramite bonifico bancario. Se un inquilino paga un deposito, un deposito o una commissione di prenotazione al momento della prenotazione, puoi anche assumere.<\/p>\n<p>[\/vc_column_text][\/vc_column][\/vc_row][vc_row full_width=&#8221;stretch_row&#8221; css=&#8221;.vc_custom_1570023431559{margin-top: 50px !important;margin-bottom: -45px !important;background-color: #f2f2f2 !important;}&#8221;][vc_column width=&#8221;2\/3&#8243;][vc_column_text]<\/p>\n<h1 style=\"text-align: left;\">FAQ &#8211; Domande frequenti<\/h1>\n<p>[\/vc_column_text][vc_toggle title=&#8221;Chi pu\u00f2 presentare le sue offerte qui?&#8221; style=&#8221;round_outline&#8221;]Chiunque, privato o commerciale, che gestisce un campeggio, affitta piazzole per roulotte o camper, pu\u00f2 cessare le proprie offerte di noleggio durante il camper. Creare un annuncio \u00e8 sempre gratuito.[\/vc_toggle][vc_toggle title=&#8221;Cosa succede dopo la mia registrazione?&#8221; style=&#8221;round_outline&#8221;]Dopo la registrazione hai accesso immediato alla tua dashboard con il tuo profilo utente o provider memorizzato. Ora puoi iniziare a creare le tue offerte di noleggio.[\/vc_toggle][vc_toggle title=&#8221;Quando abbiamo sbloccato una voce?&#8221; style=&#8221;round_outline&#8221;]Dopo aver registrato il campeggio, controlliamo la completezza e l&#8217;integrazione delle informazioni dell&#8217;utente o, se necessario, modificiamo l&#8217;iscrizione. Se tutte le informazioni richieste sono disponibili, cambieremo la voce dal vivo. Riceverai quindi una e-mail al riguardo.[\/vc_toggle][vc_toggle title=&#8221;\u00c8 possibile iscriversi senza prenotare online?&#8221; style=&#8221;round_outline&#8221;]Decidi tu se attivare o meno la funzione &#8220;prenotazione online&#8221;. Se desideri solo accettare richieste di prenotazione per decidere in seguito se un cliente pu\u00f2 prenotare un&#8217;offerta di noleggio o meno, ci\u00f2 \u00e8 possibile in qualsiasi momento.[\/vc_toggle][vc_toggle title=&#8221;Come faccio a sapere quando \u00e8 stata effettuata una prenotazione?&#8221; style=&#8221;round_outline&#8221;]Se viene ricevuta una prenotazione o una richiesta di prenotazione, riceverai un messaggio all&#8217;indirizzo e-mail che hai inserito nella dashboard dell&#8217;utente. Inoltre, hai sempre una panoramica di tutte le prenotazioni nella dashboard.[\/vc_toggle][vc_toggle title=&#8221;Quanto costa pubblicizzare la mia offerta?&#8221; style=&#8221;round_outline&#8221;]Tutti gli elenchi e le voci degli operatori del campeggio o dei locatori di piazzole per camper ecc., Siano essi privati o commerciali, sono gratuiti e senza costi aggiuntivi.<br \/>\n<!--Auf jede Buchung, die Sie direkt \u00fcber camperstime erhalten erheben wir eine Provision in H\u00f6he von 5%, die mit Ihnen vorher vereinbart wird.-->[\/vc_toggle][vc_toggle title=&#8221;Chi posso contattare in caso di domande?&#8221; style=&#8221;round_outline&#8221;]Siamo felici di aiutarti se non ottieni le informazioni di cui hai bisogno qui. Ulteriori informazioni sono inoltre disponibili direttamente su richiesta tramite il nostro modulo di contatto o tramite i dettagli di contatto forniti.<br \/>\n<!--Auf jede Buchung, die Sie direkt \u00fcber camperstime erhalten erheben wir eine Provision in H\u00f6he von 5%, die mit Ihnen vorher vereinbart wird.-->[\/vc_toggle][vc_empty_space height=&#8221;52px&#8221;][\/vc_column][vc_column width=&#8221;1\/3&#8243; css=&#8221;.vc_custom_1570021406289{margin-top: 55px !important;padding-top: 40px !important;padding-right: 15px !important;padding-bottom: 15px !important;padding-left: 15px !important;background-color: #ba3d3e !important;}&#8221;][vc_column_text]<img loading=\"lazy\" decoding=\"async\" class=\"alignnone size-full wp-image-31300 aligncenter\" src=\"https:\/\/www.primido.com\/wp-content\/uploads\/2019\/10\/icon-telefon1.png\" alt=\"\" width=\"100\" height=\"105\" srcset=\"https:\/\/www.primido.com\/wp-content\/uploads\/2019\/10\/icon-telefon1.png 100w, https:\/\/www.primido.com\/wp-content\/uploads\/2019\/10\/icon-telefon1-20x20.png 20w\" sizes=\"auto, (max-width: 100px) 100vw, 100px\" \/><\/p>\n<h3 style=\"text-align: center;\"><span style=\"color: #ffffff;\">Hai ancora domande?<\/span><\/h3>\n<p style=\"text-align: center;\"><span style=\"color: #ffffff;\">Contatta direttamente il nostro team di supporto!<\/span><\/p>\n<p style=\"text-align: center;\"><a class=\"custom_wpestate_rentals\" href=\"\/it\/contact\">Contatta l&#8217;assistenza<\/a><\/p>\n<p>[\/vc_column_text][\/vc_column][\/vc_row]<\/p>\n<\/div>","protected":false},"excerpt":{"rendered":"<p>[vc_row full_width=&#8221;stretch_row&#8221; css=&#8221;.vc_custom_1569743364211{margin-top: -64px !important;padding-top: 10px !important;padding-bottom: 35px !important;background-color: #ba3d3e !important;}&#8221;][vc_column width=&#8221;2\/3&#8243;][vc_empty_space height=&#8221;132px&#8221;][vc_column_text] Registra direttamente il tuo campeggio Chiunque gestisca un campeggio, abbia spazio o piazzole per roulotte o camper in affitto, ha ragione. Aggiungi campeggio [\/vc_column_text][\/vc_column][vc_column width=&#8221;1\/3&#8243; el_class=&#8221;regno&#8221;][\/vc_column][\/vc_row][vc_row full_width=&#8221;stretch_row&#8221; css=&#8221;.vc_custom_1569742951369{padding-top: 40px !important;background-color: #ffffff !important;}&#8221;][vc_column][vc_column_text] \u00c8 cos\u00ec facile [\/vc_column_text][vc_zigzag color=&#8221;custom&#8221; el_width=&#8221;40&#8243; css=&#8221;.vc_custom_1569941732960{margin-top: -20px !important;margin-bottom: 45px &#8230;<\/p>\n","protected":false},"author":1,"featured_media":0,"parent":0,"menu_order":0,"comment_status":"closed","ping_status":"closed","template":"","meta":{"inline_featured_image":false,"footnotes":""},"class_list":["post-28509","page","type-page","status-publish","hentry"],"_links":{"self":[{"href":"https:\/\/www.primido.com\/it\/wp-json\/wp\/v2\/pages\/28509","targetHints":{"allow":["GET"]}}],"collection":[{"href":"https:\/\/www.primido.com\/it\/wp-json\/wp\/v2\/pages"}],"about":[{"href":"https:\/\/www.primido.com\/it\/wp-json\/wp\/v2\/types\/page"}],"author":[{"embeddable":true,"href":"https:\/\/www.primido.com\/it\/wp-json\/wp\/v2\/users\/1"}],"replies":[{"embeddable":true,"href":"https:\/\/www.primido.com\/it\/wp-json\/wp\/v2\/comments?post=28509"}],"version-history":[{"count":0,"href":"https:\/\/www.primido.com\/it\/wp-json\/wp\/v2\/pages\/28509\/revisions"}],"wp:attachment":[{"href":"https:\/\/www.primido.com\/it\/wp-json\/wp\/v2\/media?parent=28509"}],"curies":[{"name":"wp","href":"https:\/\/api.w.org\/{rel}","templated":true}]}}