{"id":32250,"date":"2019-10-16T12:28:13","date_gmt":"2019-10-16T12:28:13","guid":{"rendered":"https:\/\/www.primido.com\/contact"},"modified":"2019-10-25T03:30:51","modified_gmt":"2019-10-25T03:30:51","slug":"contact","status":"publish","type":"page","link":"https:\/\/www.primido.com\/fr\/contact","title":{"rendered":"Votre contact avec nous"},"content":{"rendered":"<div class=\"wpb-content-wrapper\"><p>[vc_row][vc_column][vc_custom_heading text=\u00a0\u00bbVotre contact avec nous\u00a0\u00bb font_container=\u00a0\u00bbtag:h1|font_size:32|text_align:left\u00a0\u00bb google_fonts=\u00a0\u00bbfont_family:Fira%20Sans%3A300%2C300italic%2C400%2C400italic%2C500%2C500italic%2C700%2C700italic|font_style:700%20bold%20regular%3A700%3Anormal\u00a0\u00bb][vc_empty_space][\/vc_column][\/vc_row][vc_row][vc_column width=\u00a0\u00bb2\/5&Prime;][vc_column_text]<\/p>\n<h2>Coordonn\u00e9es<\/h2>\n<p>[\/vc_column_text][vc_separator color=\u00a0\u00bbcustom\u00a0\u00bb align=\u00a0\u00bbalign_left\u00a0\u00bb border_width=\u00a0\u00bb2&Prime; el_width=\u00a0\u00bb10&Prime; accent_color=\u00a0\u00bb#ba3d3e\u00a0\u00bb css=\u00a0\u00bb.vc_custom_1571236467777{margin-top: -25px !important;}\u00a0\u00bb][vc_empty_space height=\u00a0\u00bb26px\u00a0\u00bb][vc_column_text]Utilisez le formulaire de contact pour toutes les questions. Nous prendrons en charge votre demande dans les meilleurs d\u00e9lais et vous r\u00e9pondrons.[\/vc_column_text][ultimate_icon_list icon_size=\u00a0\u00bb33&Prime; icon_margin=\u00a0\u00bb22&Prime; css_icon_list=\u00a0\u00bb.vc_custom_1571286522019{margin-bottom: 15px !important;}\u00a0\u00bb][ultimate_icon_list_item icon_type=\u00a0\u00bbcustom\u00a0\u00bb icon_img=\u00a0\u00bbid^32145|url^https:\/\/www.primido.com\/wp-content\/uploads\/2019\/10\/ko1.png|caption^null|alt^null|title^ko1|description^null\u00a0\u00bb content_font_size=\u00a0\u00bbdesktop:14px;\u00a0\u00bb content_font_color=\u00a0\u00bb#5d6475&Prime; content_line_ht=\u00a0\u00bbdesktop:35px;\u00a0\u00bb]+49 176 377 090 70[\/ultimate_icon_list_item][ultimate_icon_list_item icon_type=\u00a0\u00bbcustom\u00a0\u00bb icon_img=\u00a0\u00bbid^32185|url^https:\/\/www.primido.com\/wp-content\/uploads\/2019\/10\/ko6.png|caption^null|alt^null|title^ko6|description^null\u00a0\u00bb content_font_size=\u00a0\u00bbdesktop:14px;\u00a0\u00bb content_font_color=\u00a0\u00bb#5d6475&Prime; content_line_ht=\u00a0\u00bbdesktop:35px;\u00a0\u00bb]info @ camperstime.com[\/ultimate_icon_list_item][ultimate_icon_list_item icon_type=\u00a0\u00bbcustom\u00a0\u00bb icon_img=\u00a0\u00bbid^32176|url^https:\/\/www.primido.com\/wp-content\/uploads\/2019\/10\/ko4.png|caption^null|alt^null|title^ko4|description^null\u00a0\u00bb content_font_size=\u00a0\u00bbdesktop:14px;\u00a0\u00bb content_font_color=\u00a0\u00bb#5d6475&Prime; content_line_ht=\u00a0\u00bbdesktop:35px;\u00a0\u00bb]www.camperstime.com[\/ultimate_icon_list_item][ultimate_icon_list_item icon_type=\u00a0\u00bbcustom\u00a0\u00bb icon_img=\u00a0\u00bbid^32239|url^https:\/\/www.primido.com\/wp-content\/uploads\/2019\/10\/ko13.png|caption^null|alt^null|title^ko13|description^null\u00a0\u00bb content_font_size=\u00a0\u00bbdesktop:14px;\u00a0\u00bb content_font_color=\u00a0\u00bb#5d6475&Prime; content_line_ht=\u00a0\u00bbdesktop:35px;\u00a0\u00bb]Rosa-Hoffmann-Stra\u00dfe 33 \u2022 A-5020 Salzbourg[\/ultimate_icon_list_item][ultimate_icon_list_item icon_type=\u00a0\u00bbcustom\u00a0\u00bb icon_img=\u00a0\u00bbid^32224|url^https:\/\/www.primido.com\/wp-content\/uploads\/2019\/10\/ko11.png|caption^null|alt^null|title^ko11|description^null\u00a0\u00bb content_font_size=\u00a0\u00bbdesktop:14px;\u00a0\u00bb content_font_color=\u00a0\u00bb#5d6475&Prime; content_line_ht=\u00a0\u00bbdesktop:35px;\u00a0\u00bb]Du lundi au vendredi de 9h00 \u00e0 17h00[\/ultimate_icon_list_item][\/ultimate_icon_list][\/vc_column][vc_column width=\u00a0\u00bb3\/5&Prime;][vc_column_text]<\/p>\n<h2>Formulaire de contact<\/h2>\n<p>[\/vc_column_text][vc_separator color=\u00a0\u00bbcustom\u00a0\u00bb align=\u00a0\u00bbalign_left\u00a0\u00bb border_width=\u00a0\u00bb2&Prime; el_width=\u00a0\u00bb10&Prime; accent_color=\u00a0\u00bb#ba3d3e\u00a0\u00bb css=\u00a0\u00bb.vc_custom_1571236482314{margin-top: -25px !important;}\u00a0\u00bb][wpforms id=\u00a0\u00bb32464&Prime; title=\u00a0\u00bbfalse\u00a0\u00bb description=\u00a0\u00bbfalse\u00a0\u00bb][vc_empty_space height=\u00a0\u00bb24px\u00a0\u00bb][vc_column_text]<\/p>\n<p style=\"font-size: 12px; line-height: 14px;\">Informations obligatoires conform\u00e9ment \u00e0 l&rsquo;article 13 du RPGD En cas de premier contact, nous sommes tenus, en vertu de l&rsquo;article 12, du RPGP 13, de vous fournir les informations obligatoires suivantes relatives \u00e0 la protection des donn\u00e9es: Si vous nous contactez par e-mail, nous ne traiterons vos donn\u00e9es \u00e0 caract\u00e8re personnel un int\u00e9r\u00eat l\u00e9gitime existe (article 6 (1) (f) du GDPR), vous avez consenti au traitement de donn\u00e9es (article 6 (1) a) du GDPR), au traitement pour l\u2019initiation, la justification, le contenu ou la modification d\u2019un rapport juridique entre Vous et nous sommes tenus de respecter (article 6 (1) b) du RGPD) ou tout autre crit\u00e8re juridique autorisant le traitement. Vos donn\u00e9es personnelles restent avec nous jusqu&rsquo;\u00e0 ce que vous nous demandiez de les supprimer, de r\u00e9voquer votre consentement au stockage ou que le but du stockage des donn\u00e9es soit omis (par exemple, une fois que votre probl\u00e8me a \u00e9t\u00e9 trait\u00e9). Les dispositions l\u00e9gales obligatoires &#8211; en particulier les p\u00e9riodes de r\u00e9tention fiscale et commerciale &#8211; restent inchang\u00e9es. Vous devez toujours obtenir gratuitement des informations sur l&rsquo;origine, le destinataire et le but de vos donn\u00e9es personnelles stock\u00e9es le droit. Vous disposez \u00e9galement d&rsquo;un droit d&rsquo;appel, \u00e0 la portabilit\u00e9 des donn\u00e9es et le droit de faire appel \u00e0 l&rsquo;autorit\u00e9 de surveillance comp\u00e9tente. Vous pouvez \u00e9galement demander la rectification, la suppression et, dans certaines circonstances, la limitation du traitement de vos donn\u00e9es personnelles. Veuillez consulter notre <a href=\"https:\/\/www.primido.com\/fr\/terms-and-conditions\"> R\u00e8gles de confidentialit\u00e9<\/a> pour plus de d\u00e9tails. Vous pouvez contacter notre responsable de la protection des donn\u00e9es \u00e0 datenschutz@cincomedia.eu.<\/p>\n<p>[\/vc_column_text][\/vc_column][\/vc_row]<\/p>\n<\/div>","protected":false},"excerpt":{"rendered":"<p>[vc_row][vc_column][vc_custom_heading text=\u00a0\u00bbVotre contact avec nous\u00a0\u00bb font_container=\u00a0\u00bbtag:h1|font_size:32|text_align:left\u00a0\u00bb google_fonts=\u00a0\u00bbfont_family:Fira%20Sans%3A300%2C300italic%2C400%2C400italic%2C500%2C500italic%2C700%2C700italic|font_style:700%20bold%20regular%3A700%3Anormal\u00a0\u00bb][vc_empty_space][\/vc_column][\/vc_row][vc_row][vc_column width=\u00a0\u00bb2\/5&Prime;][vc_column_text] Coordonn\u00e9es [\/vc_column_text][vc_separator color=\u00a0\u00bbcustom\u00a0\u00bb align=\u00a0\u00bbalign_left\u00a0\u00bb border_width=\u00a0\u00bb2&Prime; el_width=\u00a0\u00bb10&Prime; accent_color=\u00a0\u00bb#ba3d3e\u00a0\u00bb css=\u00a0\u00bb.vc_custom_1571236467777{margin-top: -25px !important;}\u00a0\u00bb][vc_empty_space height=\u00a0\u00bb26px\u00a0\u00bb][vc_column_text]Utilisez le formulaire de contact pour toutes les questions. Nous prendrons en charge votre demande dans les meilleurs d\u00e9lais et vous r\u00e9pondrons.[\/vc_column_text][ultimate_icon_list icon_size=\u00a0\u00bb33&Prime; icon_margin=\u00a0\u00bb22&Prime; css_icon_list=\u00a0\u00bb.vc_custom_1571286522019{margin-bottom: 15px !important;}\u00a0\u00bb][ultimate_icon_list_item icon_type=\u00a0\u00bbcustom\u00a0\u00bb icon_img=\u00a0\u00bbid^32145|url^https:\/\/www.primido.com\/wp-content\/uploads\/2019\/10\/ko1.png|caption^null|alt^null|title^ko1|description^null\u00a0\u00bb content_font_size=\u00a0\u00bbdesktop:14px;\u00a0\u00bb content_font_color=\u00a0\u00bb#5d6475&Prime; content_line_ht=\u00a0\u00bbdesktop:35px;\u00a0\u00bb]+49 176 377 090 70[\/ultimate_icon_list_item][ultimate_icon_list_item icon_type=\u00a0\u00bbcustom\u00a0\u00bb &#8230;<\/p>\n","protected":false},"author":1,"featured_media":0,"parent":0,"menu_order":0,"comment_status":"closed","ping_status":"closed","template":"","meta":{"inline_featured_image":false,"footnotes":""},"class_list":["post-32250","page","type-page","status-publish","hentry"],"_links":{"self":[{"href":"https:\/\/www.primido.com\/fr\/wp-json\/wp\/v2\/pages\/32250","targetHints":{"allow":["GET"]}}],"collection":[{"href":"https:\/\/www.primido.com\/fr\/wp-json\/wp\/v2\/pages"}],"about":[{"href":"https:\/\/www.primido.com\/fr\/wp-json\/wp\/v2\/types\/page"}],"author":[{"embeddable":true,"href":"https:\/\/www.primido.com\/fr\/wp-json\/wp\/v2\/users\/1"}],"replies":[{"embeddable":true,"href":"https:\/\/www.primido.com\/fr\/wp-json\/wp\/v2\/comments?post=32250"}],"version-history":[{"count":0,"href":"https:\/\/www.primido.com\/fr\/wp-json\/wp\/v2\/pages\/32250\/revisions"}],"wp:attachment":[{"href":"https:\/\/www.primido.com\/fr\/wp-json\/wp\/v2\/media?parent=32250"}],"curies":[{"name":"wp","href":"https:\/\/api.w.org\/{rel}","templated":true}]}}