{"id":28526,"date":"2019-08-15T06:43:35","date_gmt":"2019-08-15T06:43:35","guid":{"rendered":"https:\/\/www.primido.com\/impressum"},"modified":"2019-10-25T04:26:17","modified_gmt":"2019-10-25T04:26:17","slug":"mentions-legales","status":"publish","type":"page","link":"https:\/\/www.primido.com\/fr\/mentions-legales","title":{"rendered":"Mentions l\u00e9gales"},"content":{"rendered":"<div class=\"wpb-content-wrapper\"><p>[vc_row][vc_column width=\u00a0\u00bb1\/2&Prime;][vc_column_text css=\u00a0\u00bb.vc_custom_1571976787839{padding-top: 15px !important;padding-right: 15px !important;padding-bottom: 15px !important;background-color: #ffffff !important;}\u00a0\u00bb]<\/p>\n<h1>Mentions l\u00e9gales<\/h1>\n<p>[\/vc_column_text][vc_separator color=\u00a0\u00bbcustom\u00a0\u00bb align=\u00a0\u00bbalign_left\u00a0\u00bb border_width=\u00a0\u00bb2&Prime; el_width=\u00a0\u00bb10&Prime; accent_color=\u00a0\u00bb#ba3d3e\u00a0\u00bb css=\u00a0\u00bb.vc_custom_1571247810316{margin-top: -25px !important;}\u00a0\u00bb][vc_single_image image=\u00a0\u00bb32363&Prime; img_size=\u00a0\u00bbfull\u00a0\u00bb][vc_column_text css=\u00a0\u00bb.vc_custom_1571977210932{margin-top: -25px !important;}\u00a0\u00bb]<!--StartFragment --><\/p>\n<p>Software GmbH<br \/>\nRosa-Hoffmann-Stra\u00dfe 33<br \/>\nA-5020 Salzbourg<\/p>\n<p><strong>Chef d&rsquo;entreprise:<\/strong><br \/>\n<a href=\"https:\/\/www.primido.com\/wp-content\/uploads\/2019\/10\/TG-campers.png\"><img loading=\"lazy\" decoding=\"async\" class=\"alignnone size-full wp-image-32397\" src=\"https:\/\/www.primido.com\/wp-content\/uploads\/2019\/10\/TG-campers.png\" alt=\"\" width=\"81\" height=\"15\" \/><\/a><\/p>\n<p><strong>Registre de l&rsquo;entreprise:<\/strong><br \/>\nLandesgericht Salzbourg<\/p>\n<p><strong>Num\u00e9ro d&rsquo;enregistrement d&rsquo;entreprise:<\/strong><br \/>\nFN 36 11 49 b<\/p>\n<p><strong>Num\u00e9ros fiscaux:<\/strong><br \/>\nUID: ATU66522355<br \/>\nSt-Nr.: 149\/0589[\/vc_column_text][\/vc_column][vc_column width=\u00a0\u00bb1\/2&Prime;][vc_column_text css=\u00a0\u00bb.vc_custom_1571976842668{padding-top: 15px !important;padding-right: 15px !important;padding-bottom: 15px !important;background-color: #ffffff !important;}\u00a0\u00bb]<\/p>\n<h1>Cr\u00e9dits photos<\/h1>\n<p>[\/vc_column_text][vc_separator color=\u00a0\u00bbcustom\u00a0\u00bb align=\u00a0\u00bbalign_left\u00a0\u00bb border_width=\u00a0\u00bb2&Prime; el_width=\u00a0\u00bb10&Prime; accent_color=\u00a0\u00bb#ba3d3e\u00a0\u00bb css=\u00a0\u00bb.vc_custom_1571247810316{margin-top: -25px !important;}\u00a0\u00bb][vc_column_text css=\u00a0\u00bb.vc_custom_1571976933321{margin-top: -10px !important;padding-bottom: 15px !important;background-color: #ffffff !important;}\u00a0\u00bb]<strong>Page d&rsquo;accueil<\/strong><br \/>\n\u00a9 Dean Drobot | 123rf.com<br \/>\n\u00a9 flocu | bigstockphoto.com<\/p>\n<p><strong>\u00c7a fonctionne comme \u00e7a<\/strong><br \/>\n\u00a9 Andrey Armyagov | bigstockphoto.com<\/p>\n<p><strong>Informations pour les fournisseurs<\/strong><br \/>\n\u00a9 Achi_Studio | bigstockphoto.com[\/vc_column_text][\/vc_column][\/vc_row][vc_row][vc_column][vc_empty_space height=\u00a0\u00bb72px\u00a0\u00bb][\/vc_column][\/vc_row][vc_row full_width=\u00a0\u00bbstretch_row\u00a0\u00bb css=\u00a0\u00bb.vc_custom_1571248625015{margin-bottom: -45px !important;background-color: #ba3d3e !important;}\u00a0\u00bb][vc_column][vc_column_text]<img loading=\"lazy\" decoding=\"async\" class=\"alignnone size-full wp-image-31300 aligncenter\" src=\"https:\/\/www.primido.com\/wp-content\/uploads\/2019\/10\/icon-telefon1.png\" alt=\"\" width=\"100\" height=\"105\" srcset=\"https:\/\/www.primido.com\/wp-content\/uploads\/2019\/10\/icon-telefon1.png 100w, https:\/\/www.primido.com\/wp-content\/uploads\/2019\/10\/icon-telefon1-20x20.png 20w\" sizes=\"auto, (max-width: 100px) 100vw, 100px\" \/><\/p>\n<h3 style=\"text-align: center;\"><span style=\"color: #ffffff;\">Avez-vous encore des questions?<\/span><\/h3>\n<p style=\"text-align: center;\"><span style=\"color: #ffffff;\">S&rsquo;il vous pla\u00eet contacter notre \u00e9quipe de support directement!<\/span><\/p>\n<p style=\"text-align: center;\"><a class=\"custom_wpestate_rentals\" href=\"\/fr\/contact\">Contacter le support<\/a><\/p>\n<p>[\/vc_column_text][\/vc_column][\/vc_row]<\/p>\n<\/div>","protected":false},"excerpt":{"rendered":"<p>[vc_row][vc_column width=\u00a0\u00bb1\/2&Prime;][vc_column_text css=\u00a0\u00bb.vc_custom_1571976787839{padding-top: 15px !important;padding-right: 15px !important;padding-bottom: 15px !important;background-color: #ffffff !important;}\u00a0\u00bb] Mentions l\u00e9gales [\/vc_column_text][vc_separator color=\u00a0\u00bbcustom\u00a0\u00bb align=\u00a0\u00bbalign_left\u00a0\u00bb border_width=\u00a0\u00bb2&Prime; el_width=\u00a0\u00bb10&Prime; accent_color=\u00a0\u00bb#ba3d3e\u00a0\u00bb css=\u00a0\u00bb.vc_custom_1571247810316{margin-top: -25px !important;}\u00a0\u00bb][vc_single_image image=\u00a0\u00bb32363&Prime; img_size=\u00a0\u00bbfull\u00a0\u00bb][vc_column_text css=\u00a0\u00bb.vc_custom_1571977210932{margin-top: -25px !important;}\u00a0\u00bb] Software GmbH Rosa-Hoffmann-Stra\u00dfe 33 A-5020 Salzbourg Chef d&rsquo;entreprise: Registre de l&rsquo;entreprise: Landesgericht Salzbourg Num\u00e9ro d&rsquo;enregistrement d&rsquo;entreprise: FN 36 11 49 b Num\u00e9ros fiscaux: UID: ATU66522355 St-Nr.: 149\/0589[\/vc_column_text][\/vc_column][vc_column width=\u00a0\u00bb1\/2&Prime;][vc_column_text &#8230;<\/p>\n","protected":false},"author":1,"featured_media":0,"parent":0,"menu_order":0,"comment_status":"closed","ping_status":"closed","template":"","meta":{"inline_featured_image":false,"footnotes":""},"class_list":["post-28526","page","type-page","status-publish","hentry"],"_links":{"self":[{"href":"https:\/\/www.primido.com\/fr\/wp-json\/wp\/v2\/pages\/28526","targetHints":{"allow":["GET"]}}],"collection":[{"href":"https:\/\/www.primido.com\/fr\/wp-json\/wp\/v2\/pages"}],"about":[{"href":"https:\/\/www.primido.com\/fr\/wp-json\/wp\/v2\/types\/page"}],"author":[{"embeddable":true,"href":"https:\/\/www.primido.com\/fr\/wp-json\/wp\/v2\/users\/1"}],"replies":[{"embeddable":true,"href":"https:\/\/www.primido.com\/fr\/wp-json\/wp\/v2\/comments?post=28526"}],"version-history":[{"count":0,"href":"https:\/\/www.primido.com\/fr\/wp-json\/wp\/v2\/pages\/28526\/revisions"}],"wp:attachment":[{"href":"https:\/\/www.primido.com\/fr\/wp-json\/wp\/v2\/media?parent=28526"}],"curies":[{"name":"wp","href":"https:\/\/api.w.org\/{rel}","templated":true}]}}