{"id":28508,"date":"2019-08-14T08:31:38","date_gmt":"2019-08-14T08:31:38","guid":{"rendered":"https:\/\/www.primido.com\/campingplatz-wohnmobilstellplaetze-eintragen"},"modified":"2019-10-10T08:19:29","modified_gmt":"2019-10-10T08:19:29","slug":"entrez-dans-le-camping-et-place-de-parking-pour-campeur","status":"publish","type":"page","link":"https:\/\/www.primido.com\/fr\/entrez-dans-le-camping-et-place-de-parking-pour-campeur","title":{"rendered":"Entrez dans le camping et place de parking pour campeur"},"content":{"rendered":"<div class=\"wpb-content-wrapper\"><p>[vc_row full_width=\u00a0\u00bbstretch_row\u00a0\u00bb css=\u00a0\u00bb.vc_custom_1569743364211{margin-top: -64px !important;padding-top: 10px !important;padding-bottom: 35px !important;background-color: #ba3d3e !important;}\u00a0\u00bb][vc_column width=\u00a0\u00bb2\/3&Prime;][vc_empty_space height=\u00a0\u00bb132px\u00a0\u00bb][vc_column_text]<\/p>\n<h1><span style=\"color: #ffffff; font-size: 40px; line-height: 44px; margin-top: 100px;\">Enregistrez votre camping directement<\/span><\/h1>\n<p><span style=\"color: #ffffff; font-size: 30px; line-height: 34px; margin-top: 20px;\">Toute personne qui exploite un camping, a de la place ou des emplacements pour louer des caravanes ou des v\u00e9hicules de camping, est parfaite. <\/span><\/p>\n<div class=\"nomob1\"><a class=\"custom_wpestate_rentals\" href=\"\/fr\/add-new-listing\/\">Ajouter un camping<\/a><\/div>\n<p>[\/vc_column_text][\/vc_column][vc_column width=\u00a0\u00bb1\/3&Prime; el_class=\u00a0\u00bbregno\u00a0\u00bb]\n        <div class=\"login_form shortcode-login\">\n                <div class=\"loginalert\" id=\"register_message_area_sh\" ><\/div>\n\n                <div class=\"loginrow\">\n                    <input type=\"text\" name=\"user_login_register\" id=\"user_login_register_sh\" class=\"form-control\" placeholder=\"Nom d&#039;utilisateur\" size=\"20\" \/>\n                <\/div>\n            <div class=\"loginrow\">\n                <input type=\"text\" name=\"user_email_register\" id=\"user_email_register_sh\" class=\"form-control\" placeholder=\"\u00c9mail\" size=\"20\" \/>\n            <\/div>\n\n            <div class=\"loginrow password_holder\">\n                <input type=\"password\" name=\"user_password\" id=\"user_password_sh\" class=\"form-control\" placeholder=\"Mot de passe\" size=\"20\" \/>\n                <i class=\" far fa-eye-slash show_hide_password\"><\/i>\n            <\/div>\n            <div class=\"loginrow password_holder\">\n                <input type=\"password\" name=\"user_password_retype\" id=\"user_password_retype_sh\" class=\"form-control\" placeholder=\"Retype Password\" size=\"20\" \/>\n                <i class=\" far fa-eye-slash show_hide_password\"><\/i>\n            <\/div>\n            <div class=\"acc_radio\">\n            <input type=\"radio\" name=\"acc_type_sh\" id=\"acctype0\" value=\"1\" checked required>\n            <div class=\"radiolabel\" for=\"acctype0\">R\u00e9server un camping<\/div><br>\n            <input type=\"radio\" name=\"acc_type_sh\" id=\"acctype1\" value=\"0\" required>\n            <div class=\"radiolabel\" for=\"acctype1\">Entrez camping<\/div><\/div> \n        <input type=\"checkbox\" name=\"terms\" id=\"user_terms_register_sh_sh\">\n        <label id=\"user_terms_register_sh_label\" for=\"user_terms_register_sh\">J\u2019accepte <a href=\"https:\/\/www.primido.com\/fr\/terms-and-conditions\" target=\"_blank\" id=\"user_terms_register_topbar_link\">Politique de confidentialit\u00e9<\/a> <\/label><div id=\"capthca_register_sh\" style=\"margin:10px 0px;float:left;transform:scale(1.02);-webkit-transform:scale(1.02);transform-origin:0 0;-webkit-transform-origin:0 0;\"><\/div><button\n               data-sitekey=\"6LcjW-8UAAAAAARoZnpaq8CDgguBgxGfFDotJwxx\" \n        data-callback=Wprentals_onSubmit\" \n        data-action=\"submit\"\n                 id=\"wp-submit-register_sh\"  style=\"margin-top:10px;\" class=\"wpb_button  wpb_btn-info  wpb_btn-small wpestate_vc_button  vc_button g-recaptcha\">Cr\u00e9er un compte<\/button>\n        <input type=\"hidden\" id=\"security-register_sh\" name=\"security-register\" value=\"ba6de53145-1778691600\"><\/div>[\/vc_column][\/vc_row][vc_row full_width=\u00a0\u00bbstretch_row\u00a0\u00bb css=\u00a0\u00bb.vc_custom_1569742951369{padding-top: 40px !important;background-color: #ffffff !important;}\u00a0\u00bb][vc_column][vc_column_text]<\/p>\n<h2 style=\"text-align: center; font-size: 32px;\">C&rsquo;est aussi simple que \u00e7a<\/h2>\n<p>[\/vc_column_text][vc_zigzag color=\u00a0\u00bbcustom\u00a0\u00bb el_width=\u00a0\u00bb40&Prime; css=\u00a0\u00bb.vc_custom_1569941732960{margin-top: -20px !important;margin-bottom: 45px !important;}\u00a0\u00bb custom_color=\u00a0\u00bb#c6c6c6&Prime;][\/vc_column][\/vc_row][vc_row full_width=\u00a0\u00bbstretch_row\u00a0\u00bb css=\u00a0\u00bb.vc_custom_1569747276886{margin-top: -30px !important;padding-bottom: 30px !important;background-color: #ffffff !important;}\u00a0\u00bb][vc_column width=\u00a0\u00bb1\/5&Prime;][vc_single_image image=\u00a0\u00bb30305&Prime; img_size=\u00a0\u00bbfull\u00a0\u00bb alignment=\u00a0\u00bbcenter\u00a0\u00bb][vc_column_text]<\/p>\n<h3 style=\"text-align: center;\"><span style=\"color: #ba3d3e;\">Inscription<\/span><\/h3>\n<p style=\"text-align: center;\">Inscrivez-vous en tant que camping ou propri\u00e9taire<br \/>\nsur. Apr\u00e8s l&rsquo;activation, vous aurez un acc\u00e8s direct \u00e0 votre propre tableau de bord.<\/p>\n<p>[\/vc_column_text][\/vc_column][vc_column width=\u00a0\u00bb1\/5&Prime; el_class=\u00a0\u00bbnomob\u00a0\u00bb][vc_empty_space height=\u00a0\u00bb245px\u00a0\u00bb][vc_single_image image=\u00a0\u00bb29461&Prime; img_size=\u00a0\u00bbfull\u00a0\u00bb alignment=\u00a0\u00bbcenter\u00a0\u00bb][\/vc_column][vc_column width=\u00a0\u00bb1\/5&Prime;][vc_empty_space height=\u00a0\u00bb52px\u00a0\u00bb][vc_single_image image=\u00a0\u00bb30382&Prime; img_size=\u00a0\u00bbfull\u00a0\u00bb alignment=\u00a0\u00bbcenter\u00a0\u00bb][vc_column_text]<\/p>\n<h3 style=\"text-align: center;\"><span style=\"color: #ba3d3e;\">Entrez offre <\/span><\/h3>\n<p style=\"text-align: center;\">Dans votre tableau de bord, vous pouvez saisir votre offre de location ou votre camping directement dans la cat\u00e9gorie correspondante. Une entr\u00e9e est faite rapidement et ne prend que quelques minutes.<\/p>\n<p>[\/vc_column_text][\/vc_column][vc_column width=\u00a0\u00bb1\/5&Prime; el_class=\u00a0\u00bbnomob\u00a0\u00bb][vc_empty_space height=\u00a0\u00bb205px\u00a0\u00bb][vc_single_image image=\u00a0\u00bb29454&Prime; img_size=\u00a0\u00bbfull\u00a0\u00bb alignment=\u00a0\u00bbcenter\u00a0\u00bb][\/vc_column][vc_column width=\u00a0\u00bb1\/5&Prime;][vc_single_image image=\u00a0\u00bb30437&Prime; img_size=\u00a0\u00bbfull\u00a0\u00bb alignment=\u00a0\u00bbcenter\u00a0\u00bb][vc_column_text]<\/p>\n<h3 style=\"text-align: center;\"><span style=\"color: #ba3d3e;\">R\u00e9servations de clients<\/span><\/h3>\n<p style=\"text-align: center;\">Si vos entr\u00e9es sont en ligne, vous pouvez accepter les premi\u00e8res r\u00e9servations ou les r\u00e9servations de nouveaux clients et g\u00e9n\u00e9rer le premier chiffre d\u2019affaires.<\/p>\n<p>[\/vc_column_text][\/vc_column][\/vc_row][vc_row full_width=\u00a0\u00bbstretch_row\u00a0\u00bb css=\u00a0\u00bb.vc_custom_1569764973738{background-color: #f2f2f2 !important;}\u00a0\u00bb][vc_column width=\u00a0\u00bb1\/3&Prime;][vc_single_image image=\u00a0\u00bb31249&Prime; img_size=\u00a0\u00bbfull\u00a0\u00bb][\/vc_column][vc_column width=\u00a0\u00bb2\/3&Prime;][vc_column_text]<\/p>\n<h2><span style=\"font-size: 32px;\">Entrez votre camping directement.\u00a0<\/span><\/h2>\n<p>Pr\u00e9sentez votre offre ou votre service sur un portail de r\u00e9servation professionnel &#8211; Nous pouvons rapidement et professionnellement cr\u00e9er le lien et le r\u00e9seau entre vous et vos futurs locataires.<\/p>\n<hr \/>\n<h3><span style=\"color: #ba3d3e;\">Inscrivez-vous aujourd&rsquo;hui pour pr\u00e9senter vos offres de location ici.<\/span><\/h3>\n<hr \/>\n<p>Que vous soyez propri\u00e9taire priv\u00e9 ou commercial, vous trouverez ci-dessous toutes les informations importantes et des conseils utiles sur la mani\u00e8re de louer vos offres de location sur le camping.[\/vc_column_text][\/vc_column][\/vc_row][vc_row full_width=\u00a0\u00bbstretch_row\u00a0\u00bb css=\u00a0\u00bb.vc_custom_1569939428257{margin-top: 50px !important;}\u00a0\u00bb][vc_column][vc_column_text]<\/p>\n<h2 style=\"text-align: center; font-size: 32px;\">Vos avantages<\/h2>\n<p>[\/vc_column_text][vc_zigzag color=\u00a0\u00bbcustom\u00a0\u00bb el_width=\u00a0\u00bb40&Prime; css=\u00a0\u00bb.vc_custom_1569941747958{margin-top: -20px !important;margin-bottom: 45px !important;}\u00a0\u00bb custom_color=\u00a0\u00bb#c6c6c6&Prime;][\/vc_column][\/vc_row][vc_row full_width=\u00a0\u00bbstretch_row\u00a0\u00bb][vc_column width=\u00a0\u00bb1\/6&Prime; el_class=\u00a0\u00bbnomob\u00a0\u00bb][vc_single_image image=\u00a0\u00bb30389&Prime; img_size=\u00a0\u00bbfull\u00a0\u00bb][vc_empty_space height=\u00a0\u00bb92px\u00a0\u00bb][vc_single_image image=\u00a0\u00bb30361&Prime; img_size=\u00a0\u00bbfull\u00a0\u00bb][vc_empty_space height=\u00a0\u00bb92px\u00a0\u00bb][vc_single_image image=\u00a0\u00bb30326&Prime; img_size=\u00a0\u00bbfull\u00a0\u00bb][vc_empty_space height=\u00a0\u00bb92px\u00a0\u00bb][vc_single_image image=\u00a0\u00bb30312&Prime; img_size=\u00a0\u00bbfull\u00a0\u00bb][\/vc_column][vc_column width=\u00a0\u00bb1\/6&Prime; el_class=\u00a0\u00bbnomob\u00a0\u00bb][vc_empty_space height=\u00a0\u00bb112px\u00a0\u00bb][vc_single_image image=\u00a0\u00bb29447&Prime; img_size=\u00a0\u00bbfull\u00a0\u00bb][vc_empty_space height=\u00a0\u00bb82px\u00a0\u00bb][vc_single_image image=\u00a0\u00bb29447&Prime; img_size=\u00a0\u00bbfull\u00a0\u00bb][vc_empty_space height=\u00a0\u00bb82px\u00a0\u00bb][vc_single_image image=\u00a0\u00bb29447&Prime; img_size=\u00a0\u00bbfull\u00a0\u00bb][\/vc_column][vc_column width=\u00a0\u00bb4\/6&Prime;][vc_column_text el_class=\u00a0\u00bbmlef\u00a0\u00bb]<\/p>\n<p style=\"text-align: left; font-size: 20px; text-transform: uppercase; font-family: 'Fira Sans', sans-serif; color: #212121;\">SYST\u00c8ME DE R\u00c9SERVATION ET CALENDRIER DE R\u00c9SERVATION<\/p>\n<h3 style=\"text-align: left;\"><span style=\"color: #ba3d3e;\">D\u00e9finir la disponibilit\u00e9<\/span><\/h3>\n<p style=\"text-align: left;\">Le calendrier d&rsquo;occupation indique aux visiteurs la disponibilit\u00e9 ou l&rsquo;occupation actuelle de leurs offres de location et de leurs services. Une r\u00e9servation en ligne directe ou une demande via votre propre site web est \u00e9galement possible. Vos coordonn\u00e9es sont visibles dans toutes les variantes d\u2019enregistrement, de sorte qu\u2019une r\u00e9servation manuelle, par ex. par t\u00e9l\u00e9phone ou par courrier \u00e9lectronique est possible. Alternativement, vous pouvez \u00e9galement cr\u00e9er un lien vers votre propre page de r\u00e9servation, o\u00f9 vous acceptez ensuite les r\u00e9servations.<\/p>\n<p>[\/vc_column_text][vc_empty_space][vc_column_text el_class=\u00a0\u00bbmlef\u00a0\u00bb]<\/p>\n<p style=\"text-align: left; font-size: 20px; text-transform: uppercase; font-family: 'Fira Sans', sans-serif; color: #212121;\">G\u00e9rer les r\u00e9servations<\/p>\n<h3 style=\"text-align: left;\"><span style=\"color: #ba3d3e;\">R\u00e9servation en ligne &#8211; cl\u00e9 &#8211; vers plus de ventes <\/span><\/h3>\n<p style=\"text-align: left;\">Consultez toutes les r\u00e9servations et demandes de r\u00e9servation en un coup d\u2019\u0153il dans votre tableau de bord. Si une r\u00e9servation ou une r\u00e9servation a \u00e9t\u00e9 faite sur votre offre ou votre service, vous serez \u00e9galement automatiquement averti par email afin que vous puissiez r\u00e9pondre imm\u00e9diatement. Si nous recevons une demande individuelle, nous la transmettrons au fournisseur appropri\u00e9. Profitez des ventes suppl\u00e9mentaires ici.<\/p>\n<p>[\/vc_column_text][vc_empty_space][vc_column_text el_class=\u00a0\u00bbmlef\u00a0\u00bb]<\/p>\n<p style=\"text-align: left; font-size: 20px; text-transform: uppercase; font-family: 'Fira Sans', sans-serif; color: #212121;\">Tableau de bord du propri\u00e9taire<\/p>\n<h3 style=\"text-align: left;\"><span style=\"color: #ba3d3e;\">G\u00e9rer le compte<\/span><\/h3>\n<p style=\"text-align: left;\">Le tableau de bord du propri\u00e9taire non encombr\u00e9 est la plaque tournante de toutes les activit\u00e9s li\u00e9es \u00e0 la publication de vos offres et services de location. Ici, vous pouvez g\u00e9rer et modifier les listes et les entr\u00e9es existantes et ajouter de nouvelles entr\u00e9es \u00e0 tout moment. Vous pouvez \u00e9galement utiliser le tableau de bord pour communiquer avec vos clients et voir vos derniers avis.<\/p>\n<p>[\/vc_column_text][vc_empty_space][vc_column_text el_class=\u00a0\u00bbmlef\u00a0\u00bb]<\/p>\n<p style=\"text-align: left; font-size: 20px; text-transform: uppercase; font-family: 'Fira Sans', sans-serif; color: #212121;\">Paiement direct<\/p>\n<h3 style=\"text-align: left;\"><span style=\"color: #ba3d3e;\">D\u00e9finir les options de paiement<\/span><\/h3>\n<p style=\"text-align: left;\">Contrairement \u00e0 de nombreux autres portails de r\u00e9servation, un client paie toujours directement lors de la r\u00e9servation. Vous recevrez imm\u00e9diatement votre argent sans d\u00e9lai et pourrez le disposer apr\u00e8s r\u00e9ception du paiement. D\u00e9finissez vous-m\u00eame les options de paiement, si un client doit payer imm\u00e9diatement ou plus tard par virement bancaire. Que le locataire verse un acompte, un acompte ou des frais de r\u00e9servation lors de la r\u00e9servation, vous pouvez \u00e9galement louer.<\/p>\n<p>[\/vc_column_text][\/vc_column][\/vc_row][vc_row full_width=\u00a0\u00bbstretch_row\u00a0\u00bb css=\u00a0\u00bb.vc_custom_1570023431559{margin-top: 50px !important;margin-bottom: -45px !important;background-color: #f2f2f2 !important;}\u00a0\u00bb][vc_column width=\u00a0\u00bb2\/3&Prime;][vc_column_text]<\/p>\n<h1 style=\"text-align: left;\">FAQ &#8211; Foire Aux Questions<\/h1>\n<p>[\/vc_column_text][vc_toggle title=\u00a0\u00bbQui peut pr\u00e9senter ses offres ici?\u00a0\u00bb style=\u00a0\u00bbround_outline\u00a0\u00bb]Toute personne, qu\u2019elle soit priv\u00e9e ou commerciale, qui exploite un camping, loue des emplacements pour caravanes ou v\u00e9hicules de camping, peut cesser ses offres de location pendant les heures de camping. Il est toujours libre de cr\u00e9er une annonce.[\/vc_toggle][vc_toggle title=\u00a0\u00bbQue se passe-t-il apr\u00e8s mon inscription?\u00a0\u00bb style=\u00a0\u00bbround_outline\u00a0\u00bb]Apr\u00e8s votre inscription, vous avez un acc\u00e8s imm\u00e9diat \u00e0 votre tableau de bord avec votre profil utilisateur ou fournisseur enregistr\u00e9. Vous pouvez maintenant commencer \u00e0 cr\u00e9er vos offres de location.[\/vc_toggle][vc_toggle title=\u00a0\u00bbQuand avons-nous d\u00e9verrouill\u00e9 une entr\u00e9e?\u00a0\u00bb style=\u00a0\u00bbround_outline\u00a0\u00bb]Une fois que vous avez inscrit votre camping, nous v\u00e9rifions que vos informations sont compl\u00e8tes et nous compl\u00e9tons ou modifions la saisie si n\u00e9cessaire. Si toutes les informations requises sont disponibles, nous basculerons l&rsquo;entr\u00e9e en direct. Vous recevrez alors un courrier \u00e9lectronique \u00e0 ce sujet.[\/vc_toggle][vc_toggle title=\u00a0\u00bbUne entr\u00e9e est-elle possible sans r\u00e9servation en ligne?\u00a0\u00bb style=\u00a0\u00bbround_outline\u00a0\u00bb]Vous d\u00e9cidez d&rsquo;activer ou non la fonction \u00ab\u00a0r\u00e9servation en ligne\u00a0\u00bb. Si vous souhaitez uniquement accepter les demandes de r\u00e9servation pour d\u00e9cider ult\u00e9rieurement si un client peut r\u00e9server une offre de location ou non, cela est possible \u00e0 tout moment.[\/vc_toggle][vc_toggle title=\u00a0\u00bbComment savoir quand une r\u00e9servation a \u00e9t\u00e9 faite?\u00a0\u00bb style=\u00a0\u00bbround_outline\u00a0\u00bb]Si une r\u00e9servation ou une demande de r\u00e9servation est re\u00e7ue, vous recevrez un message \u00e0 l&rsquo;adresse \u00e9lectronique que vous avez entr\u00e9e dans le tableau de bord de l&rsquo;utilisateur. De plus, vous avez toujours une vue d&rsquo;ensemble de toutes les r\u00e9servations dans le tableau de bord.[\/vc_toggle][vc_toggle title=\u00a0\u00bbCombien me co\u00fbte l&rsquo;annonce de mon offre\u00a0\u00bb style=\u00a0\u00bbround_outline\u00a0\u00bb]Toutes les inscriptions et entr\u00e9es des exploitants de camping ou des bailleurs d&#8217;emplacements pour camping-cars, etc. &#8211; priv\u00e9s ou commerciaux &#8211; sont gratuites et sans frais courants.<br \/>\n<!--Auf jede Buchung, die Sie direkt \u00fcber camperstime erhalten erheben wir eine Provision in H\u00f6he von 5%, die mit Ihnen vorher vereinbart wird.-->[\/vc_toggle][vc_toggle title=\u00a0\u00bbQui puis-je contacter si j&rsquo;ai des questions?\u00a0\u00bb style=\u00a0\u00bbround_outline\u00a0\u00bb]Nous sommes heureux de vous aider si vous ne recevez pas les informations dont vous avez besoin ici. De plus amples informations sont \u00e9galement disponibles directement sur demande via notre formulaire de contact ou via les coordonn\u00e9es fournies.<br \/>\n<!--Auf jede Buchung, die Sie direkt \u00fcber camperstime erhalten erheben wir eine Provision in H\u00f6he von 5%, die mit Ihnen vorher vereinbart wird.-->[\/vc_toggle][vc_empty_space height=\u00a0\u00bb52px\u00a0\u00bb][\/vc_column][vc_column width=\u00a0\u00bb1\/3&Prime; css=\u00a0\u00bb.vc_custom_1570021406289{margin-top: 55px !important;padding-top: 40px !important;padding-right: 15px !important;padding-bottom: 15px !important;padding-left: 15px !important;background-color: #ba3d3e !important;}\u00a0\u00bb][vc_column_text]<img loading=\"lazy\" decoding=\"async\" class=\"alignnone size-full wp-image-31300 aligncenter\" src=\"https:\/\/www.primido.com\/wp-content\/uploads\/2019\/10\/icon-telefon1.png\" alt=\"\" width=\"100\" height=\"105\" srcset=\"https:\/\/www.primido.com\/wp-content\/uploads\/2019\/10\/icon-telefon1.png 100w, https:\/\/www.primido.com\/wp-content\/uploads\/2019\/10\/icon-telefon1-20x20.png 20w\" sizes=\"auto, (max-width: 100px) 100vw, 100px\" \/><\/p>\n<h3 style=\"text-align: center;\"><span style=\"color: #ffffff;\">Avez-vous encore des questions?<\/span><\/h3>\n<p style=\"text-align: center;\"><span style=\"color: #ffffff;\">S&rsquo;il vous pla\u00eet contacter notre \u00e9quipe de support directement!<\/span><\/p>\n<p style=\"text-align: center;\"><a class=\"custom_wpestate_rentals\" href=\"\/fr\/contact\">Contacter le support<\/a><\/p>\n<p>[\/vc_column_text][\/vc_column][\/vc_row]<\/p>\n<\/div>","protected":false},"excerpt":{"rendered":"<p>[vc_row full_width=\u00a0\u00bbstretch_row\u00a0\u00bb css=\u00a0\u00bb.vc_custom_1569743364211{margin-top: -64px !important;padding-top: 10px !important;padding-bottom: 35px !important;background-color: #ba3d3e !important;}\u00a0\u00bb][vc_column width=\u00a0\u00bb2\/3&Prime;][vc_empty_space height=\u00a0\u00bb132px\u00a0\u00bb][vc_column_text] Enregistrez votre camping directement Toute personne qui exploite un camping, a de la place ou des emplacements pour louer des caravanes ou des v\u00e9hicules de camping, est parfaite. Ajouter un camping [\/vc_column_text][\/vc_column][vc_column width=\u00a0\u00bb1\/3&Prime; el_class=\u00a0\u00bbregno\u00a0\u00bb][\/vc_column][\/vc_row][vc_row full_width=\u00a0\u00bbstretch_row\u00a0\u00bb css=\u00a0\u00bb.vc_custom_1569742951369{padding-top: 40px !important;background-color: #ffffff !important;}\u00a0\u00bb][vc_column][vc_column_text] C&rsquo;est aussi &#8230;<\/p>\n","protected":false},"author":1,"featured_media":0,"parent":0,"menu_order":0,"comment_status":"closed","ping_status":"closed","template":"","meta":{"inline_featured_image":false,"footnotes":""},"class_list":["post-28508","page","type-page","status-publish","hentry"],"_links":{"self":[{"href":"https:\/\/www.primido.com\/fr\/wp-json\/wp\/v2\/pages\/28508","targetHints":{"allow":["GET"]}}],"collection":[{"href":"https:\/\/www.primido.com\/fr\/wp-json\/wp\/v2\/pages"}],"about":[{"href":"https:\/\/www.primido.com\/fr\/wp-json\/wp\/v2\/types\/page"}],"author":[{"embeddable":true,"href":"https:\/\/www.primido.com\/fr\/wp-json\/wp\/v2\/users\/1"}],"replies":[{"embeddable":true,"href":"https:\/\/www.primido.com\/fr\/wp-json\/wp\/v2\/comments?post=28508"}],"version-history":[{"count":0,"href":"https:\/\/www.primido.com\/fr\/wp-json\/wp\/v2\/pages\/28508\/revisions"}],"wp:attachment":[{"href":"https:\/\/www.primido.com\/fr\/wp-json\/wp\/v2\/media?parent=28508"}],"curies":[{"name":"wp","href":"https:\/\/api.w.org\/{rel}","templated":true}]}}