{"id":28297,"date":"2019-08-13T06:16:37","date_gmt":"2019-08-13T06:16:37","guid":{"rendered":"https:\/\/www.primido.com\/27967-2"},"modified":"2019-10-29T10:10:12","modified_gmt":"2019-10-29T10:10:12","slug":"27967-2","status":"publish","type":"page","link":"https:\/\/www.primido.com\/es","title":{"rendered":"start"},"content":{"rendered":"<div class=\"wpb-content-wrapper\"><p>[vc_row full_width=\u00bbstretch_row\u00bb css=\u00bb.vc_custom_1567581557547{margin-top: -65px !important;margin-bottom: 0px !important;padding-top: 30px !important;padding-bottom: 0px !important;background-color: #ffffff !important;}\u00bb el_class=\u00bbzin\u00bb][vc_column css=\u00bb.vc_custom_1565856952026{margin-top: -40px !important;}\u00bb][vc_column_text el_class=\u00bbfrontheading\u00bb css=\u00bb.vc_custom_1570175775477{margin-top: 0px !important;margin-bottom: 0px !important;padding-bottom: 0px !important;}\u00bb]<\/p>\n<h1 style=\"margin-bottom: 10px; font-size: 40px; text-align: center;\">Las vacaciones en camping tambi\u00e9n son diferentes<\/h1>\n<div class=\"subheading\" style=\"text-align: center;\"><!--Mit camperstime erhalten Sie f\u00fcr Ihren n\u00e4chsten Campingurlaub Ideen und Inspirationen ..-->Descubra nuevas formas de disfrutar de unas vacaciones con toda la familia o para dos ..<\/div>\n<p>[\/vc_column_text][\/vc_column][\/vc_row][vc_row full_width=\u00bbstretch_row\u00bb css=\u00bb.vc_custom_1569497654119{margin-bottom: 0px !important;padding-top: 20px !important;padding-bottom: 0px !important;background-color: #ffffff !important;}\u00bb el_class=\u00bbzin\u00bb][vc_column width=\u00bb1\/5&#8243;][vc_single_image image=\u00bb28230&#8243; img_size=\u00bbfull\u00bb el_class=\u00bbabs\u00bb][\/vc_column][vc_column width=\u00bb1\/5&#8243;][vc_single_image image=\u00bb28176&#8243; img_size=\u00bbfull\u00bb alignment=\u00bbcenter\u00bb][vc_column_text]<\/p>\n<h3 style=\"text-align: center;\"><span style=\"color: #ba3d3e;\">Blocao<\/span><\/h3>\n<p style=\"text-align: center;\"><a class=\"ibox\" href=\"\/es\/advanced-search\">Acampar en una caba\u00f1a de troncos es emocionante y unas vacaciones de un tipo muy diferente ..<\/a><\/p>\n<p>[\/vc_column_text][\/vc_column][vc_column width=\u00bb1\/5&#8243;][vc_single_image image=\u00bb28170&#8243; img_size=\u00bbfull\u00bb alignment=\u00bbcenter\u00bb][vc_column_text]<\/p>\n<h3 style=\"text-align: center;\"><span style=\"color: #ba3d3e;\">Autocaravana<\/span><\/h3>\n<p style=\"text-align: center;\"><a class=\"ibox\" href=\"\/es\/advanced-search\">\u00bfFuera de casa con su casa m\u00f3vil? Aqu\u00ed a uno le gusta detenerse en un campamento ..<\/a><\/p>\n<p>&nbsp;<\/p>\n<p>[\/vc_column_text][\/vc_column][vc_column width=\u00bb1\/5&#8243;][vc_single_image image=\u00bb28173&#8243; img_size=\u00bbfull\u00bb alignment=\u00bbcenter\u00bb][vc_column_text]<\/p>\n<h3 style=\"text-align: center;\"><span style=\"color: #ba3d3e;\">Campamento<\/span><\/h3>\n<p style=\"text-align: center;\"><a class=\"ibox\" href=\"\/es\/advanced-search\">Naturaleza conectada: Acampar en la tienda es la forma m\u00e1s simple y una de las m\u00e1s bonitas ..<\/a><\/p>\n<p>[\/vc_column_text][\/vc_column][vc_column width=\u00bb1\/5&#8243;][\/vc_column][\/vc_row][vc_row full_width=\u00bbstretch_row\u00bb css=\u00bb.vc_custom_1569497906044{background-color: #ffffff !important;}\u00bb][vc_column][vc_column_text]<\/p>\n<p style=\"text-align: center;\"><a id=\"submit_action\" href=\"\/es\/advanced-search\">Encuentra m\u00e1s<\/a><\/p>\n<p>[\/vc_column_text][\/vc_column][\/vc_row][vc_row full_width=\u00bbstretch_row\u00bb disable_element=\u00bbyes\u00bb bg_type=\u00bbbg_color\u00bb bg_color_value=\u00bb#ffffff\u00bb css=\u00bb.vc_custom_1565787333346{margin-bottom: 0px !important;padding-top: 30px !important;padding-bottom: 0px !important;}\u00bb][vc_column][vc_column_text el_class=\u00bbfrontheading\u00bb css=\u00bb.vc_custom_1526040491361{margin-bottom: 0px !important;padding-bottom: 0px !important;}\u00bb]<\/p>\n<h1 style=\"margin-bottom: 10px; text-align: left; font-size: 40px;\">Best Places<\/h1>\n<div class=\"subheading\" style=\"text-align: left;\">These are the best places to spent your Ibiza holiday<\/div>\n<p>[\/vc_column_text][\/vc_column][\/vc_row][vc_row full_width=\u00bbstretch_row\u00bb disable_element=\u00bbyes\u00bb bg_type=\u00bbbg_color\u00bb bg_color_value=\u00bb#ffffff\u00bb css=\u00bb.vc_custom_1565787344067{padding-top: 0px !important;padding-bottom: 60px !important;}\u00bb][vc_column width=\u00bb1\/4&#8243;]<div class=\"places_wrapper   type_3_class  \"   data-link=\"https:\/\/www.primido.com\/tag\/holiday-ideas\"><div class=\"listing-hover-gradient\"><\/div><div class=\"listing-hover\"><\/div><div class=\"places1 featuredplace\" style=\"background-image:url(https:\/\/www.primido.com\/wp-content\/themes\/wprentals\/img\/defaultimage.jpg);\"><\/div><div class=\"category_name\"><a class=\"featured_listing_title\" href=\"https:\/\/www.primido.com\/tag\/holiday-ideas\"><\/a><div class=\"category_tagline\"><\/div><div class=\"featured_place_count\"> Listados<\/div><div class=\"featured_more\"><a href=\"https:\/\/www.primido.com\/tag\/holiday-ideas\">Discover<\/a> <i class=\"fas fa-chevron-right\"><\/i><\/div><\/div><div class=\"places_label\"> <\/div><\/div>[\/vc_column][vc_column width=\u00bb1\/4&#8243;]<div class=\"places_wrapper   type_3_class  \"   data-link=\"https:\/\/www.primido.com\/tag\/holiday-ideas\"><div class=\"listing-hover-gradient\"><\/div><div class=\"listing-hover\"><\/div><div class=\"places1 featuredplace\" style=\"background-image:url(https:\/\/www.primido.com\/wp-content\/themes\/wprentals\/img\/defaultimage.jpg);\"><\/div><div class=\"category_name\"><a class=\"featured_listing_title\" href=\"https:\/\/www.primido.com\/tag\/holiday-ideas\"><\/a><div class=\"category_tagline\"><\/div><div class=\"featured_place_count\"> Listados<\/div><div class=\"featured_more\"><a href=\"https:\/\/www.primido.com\/tag\/holiday-ideas\">Discover<\/a> <i class=\"fas fa-chevron-right\"><\/i><\/div><\/div><div class=\"places_label\"> <\/div><\/div>[\/vc_column][vc_column width=\u00bb1\/4&#8243;]<div class=\"places_wrapper   type_3_class  \"   data-link=\"https:\/\/www.primido.com\/tag\/holiday-ideas\"><div class=\"listing-hover-gradient\"><\/div><div class=\"listing-hover\"><\/div><div class=\"places1 featuredplace\" style=\"background-image:url(https:\/\/www.primido.com\/wp-content\/themes\/wprentals\/img\/defaultimage.jpg);\"><\/div><div class=\"category_name\"><a class=\"featured_listing_title\" href=\"https:\/\/www.primido.com\/tag\/holiday-ideas\"><\/a><div class=\"category_tagline\"><\/div><div class=\"featured_place_count\"> Listados<\/div><div class=\"featured_more\"><a href=\"https:\/\/www.primido.com\/tag\/holiday-ideas\">Discover<\/a> <i class=\"fas fa-chevron-right\"><\/i><\/div><\/div><div class=\"places_label\"> <\/div><\/div>[\/vc_column][vc_column width=\u00bb1\/4&#8243;]<div class=\"places_wrapper   type_3_class  \"   data-link=\"https:\/\/www.primido.com\/tag\/holiday-ideas\"><div class=\"listing-hover-gradient\"><\/div><div class=\"listing-hover\"><\/div><div class=\"places1 featuredplace\" style=\"background-image:url(https:\/\/www.primido.com\/wp-content\/themes\/wprentals\/img\/defaultimage.jpg);\"><\/div><div class=\"category_name\"><a class=\"featured_listing_title\" href=\"https:\/\/www.primido.com\/tag\/holiday-ideas\"><\/a><div class=\"category_tagline\"><\/div><div class=\"featured_place_count\"> Listados<\/div><div class=\"featured_more\"><a href=\"https:\/\/www.primido.com\/tag\/holiday-ideas\">Discover<\/a> <i class=\"fas fa-chevron-right\"><\/i><\/div><\/div><div class=\"places_label\"> <\/div><\/div>[\/vc_column][\/vc_row][vc_row full_width=\u00bbstretch_row\u00bb css=\u00bb.vc_custom_1526041789450{padding-top: 30px !important;padding-bottom: 60px !important;background-color: #ffffff !important;}\u00bb][vc_column][vc_column_text el_class=\u00bbfrontheading\u00bb css=\u00bb.vc_custom_1570176564891{padding-bottom: 15px !important;}\u00bb]<\/p>\n<h1 style=\"margin-bottom: 10px; font-size: 40px; text-align: center;\">Entradas nuevas<\/h1>\n<div class=\"subheading\" style=\"text-align: center;\">Encuentre aqu\u00ed las \u00faltimas ofertas de viajes y campamentos para sus pr\u00f3ximas vacaciones<\/div>\n<p>[\/vc_column_text]<div class=\" bottom-estate_property nobutton \" ><div class=\"items_shortcode_wrapper  \">\n<div itemscope itemtype=\"http:\/\/schema.org\/Product\" class=\"listing_wrapper col-md-4 shortcode-col property_unit_v3  property_flex propety_unit_3\" data-org=\"4\" data-listid=\"32709\" >\n    \n    <div class=\"property_listing\" >\n        \n\n            <div class=\"listing-unit-img-wrapper\"><div class=\"property_unit_action\">\n    <span class=\"icon-fav icon-fav-off\" data-original-title=\"add to favorites\" data-postid=\"32709\">\n        <svg viewBox=\"0 0 32 32\" xmlns=\"http:\/\/www.w3.org\/2000\/svg\" aria-hidden=\"true\" role=\"presentation\" focusable=\"false\" \nstyle=\"display: block;  height: 24px; width: 24px; stroke: #fff; stroke-width: 2; overflow: visible;\">\n<path d=\"m16 28c7-4.733 14-10 14-17 0-1.792-.683-3.583-2.05-4.95-1.367-1.366-3.158-2.05-4.95-2.05-1.791 0-3.583.684-4.949 2.05l-2.051 2.051-2.05-2.051c-1.367-1.366-3.158-2.05-4.95-2.05-1.791 0-3.583.684-4.949 2.05-1.367 1.367-2.051 3.158-2.051 4.95 0 7 7 12.267 14 17z\"><\/path>\n<\/svg><\/span>\n    <\/div>\n                <div id=\"property_unit_carousel_69fe9c139511f\" class=\"carousel property_unit_carousel slide  \" data-ride=\"carousel\" data-interval=\"false\">\n                    <div class=\"carousel-inner\">\n                        <div class=\"item active\">\n                            <a href=\"https:\/\/www.primido.com\/es\/properties\/zeltplatz\" target=\"\" ><img decoding=\"async\" itemprop=\"image\" src=\"https:\/\/www.primido.com\/wp-content\/uploads\/2019\/08\/stellplatz-zelt-400x314.jpg\"   class=\"b-lazy img-responsive wp-post-image lazy-hidden\" alt=\"Tienda de campa\u00f1a camping\" \/><\/a>\n                        <\/div>\n                        \n                    <\/div><a href=\"https:\/\/www.primido.com\/es\/properties\/zeltplatz\"> <\/a><\/div><div class=\"price_unit_wrapper\"> <\/div><div class=\"\" itemprop=\"offers\" itemscope itemtype=\"http:\/\/schema.org\/Offer\">    \n        <link itemprop=\"url\" href=\"https:\/\/www.primido.com\/es\/properties\/zeltplatz\"\/>   \n        <meta itemprop=\"priceCurrency\" content=\"EUR\" \/><div class=\"price_unit\"><span itemprop=\"price\" content=\"11\">11 \u20ac<span class=\"pernight\"> \/noche<\/span><\/div><\/div><\/div>\n\n\n            <div class=\"property_status_wrapper\"><div class=\"property_status status_verified-es\">verificado<\/div><\/div>\n            <div class=\"title-container\">\n\n                <meta itemprop=\"ratingValue\" content=\"0\"\/><div class=rating_placeholder><\/div>\n                <div class=\"category_name\">\n                    \n<a itemprop=\"url\" href=\"https:\/\/www.primido.com\/es\/properties\/zeltplatz\" class=\"listing_title_unit\" target=\"\">\n\n    \n    \n   <span itemprop=\"name\">\n    Tienda de campa\u00f1a camping    <\/span>\n<\/a>\n                    <div class=\"category_tagline actions_icon\">\n                        <a href=\"https:\/\/www.primido.com\/es\/listings\/campamento\" rel=\"tag\">Campamento<\/a> \/                    <\/div>\n\n                    <div class=\"category_tagline custom_details\">\n                       <div class=\"custom_listing_data\">10 m<sup>2<\/sup><\/div>                    <\/div>\n                <\/div>\n\n\n            <\/div>\n            <\/div>\n<\/div>\n<\/div><\/div>[\/vc_column][\/vc_row][vc_row full_width=\u00bbstretch_row_content_no_spaces\u00bb disable_element=\u00bbyes\u00bb css=\u00bb.vc_custom_1565860428804{margin-top: 0px !important;margin-bottom: 0px !important;padding-top: 0px !important;padding-bottom: 0px !important;}\u00bb][vc_column css=\u00bb.vc_custom_1526041855854{padding-top: 0px !important;padding-bottom: 0px !important;}\u00bb]<div class=\"featured_article_type2\">\n                       <div class=\"featured_img_type2\" style=\"background-image:url()\">\n                            <div class=\"featured_article_type2_cover\">\n                            <\/div>\n                            <div class=\"featured_article_type2_title_wrapper\">\n                                <div class=\"featured_article_label\">Featured Article<\/div>\n                                <a href=\"\"><h2><\/h2><\/a>\n                                <div class=\"featured_read_more\"><a href=\"\">read more<\/a> <i class=\"fas fa-chevron-right\"><\/i><\/div>\n                            <\/div>\n                        <\/div>\n                    <\/div>[\/vc_column][\/vc_row][vc_row full_width=\u00bbstretch_row\u00bb full_height=\u00bbyes\u00bb content_placement=\u00bbmiddle\u00bb css=\u00bb.vc_custom_1572343785645{margin-top: 0px !important;margin-bottom: 0px !important;padding-top: 0px !important;padding-bottom: 0px !important;background-image: url(https:\/\/www.primido.com\/wp-content\/uploads\/2019\/09\/glamping-1.png?id=28854) !important;background-position: 0 0 !important;background-repeat: no-repeat !important;}\u00bb][vc_column css=\u00bb.vc_custom_1526041855854{padding-top: 0px !important;padding-bottom: 0px !important;}\u00bb][vc_column_text el_class=\u00bbfrontheading\u00bb css=\u00bb.vc_custom_1570176638884{padding-bottom: 15px !important;}\u00bb]<\/p>\n<h1 class=\"heading_over_image\"><span style=\"color: #ffffff; margin-top: 105px;\">Glamping<\/span><\/h1>\n<div class=\"subheading\" style=\"text-align: center;\"><span style=\"color: #fff; text-shadow: 1px 1px 3px rgba(68, 68, 68,0.5); font-size: 24px; margin-top: 0px;\">Ambiente de camping sin tienda y caravana ..<\/span><\/div>\n<p style=\"text-align: center; color: #fff; text-shadow: 1px 1px 3px rgba(68, 68, 68,0.5); font-size: 16px; margin-top: 15px;\">Crea un recuerdo inolvidable y duerme en medio de la copa del \u00e1rbol en una casa del \u00e1rbol o en una balsa en el r\u00edo. Aqu\u00ed encontrar\u00e1 una amplia gama de alojamientos inusuales, divertidos y maravillosos.<\/p>\n<p style=\"text-align: center; margin-top: 25px;\"><a id=\"submit_action\" href=\"\/es\/advanced-search\">M\u00e1s informaci\u00f3n<\/a><\/p>\n<p>[\/vc_column_text][\/vc_column][\/vc_row][vc_row full_width=\u00bbstretch_row\u00bb css=\u00bb.vc_custom_1572343801699{margin-top: -60px !important;background-color: #ffffff !important;}\u00bb][vc_column][vc_column_text el_class=\u00bbfrontheading\u00bb css=\u00bb.vc_custom_1570177167766{padding-bottom: 15px !important;}\u00bb]<\/p>\n<h1 style=\"margin-bottom: 10px; font-size: 40px; text-align: center;\">Experiencias de vacaciones de campamento<\/h1>\n<div class=\"subheading\" style=\"text-align: center;\">Todos tienen su propia idea de pasar unas vacaciones. Camping ofrece la forma adecuada para cada tipo de vacaciones &#8230;<\/div>\n<p>[\/vc_column_text][\/vc_column][\/vc_row][vc_row full_width=\u00bbstretch_row\u00bb bg_type=\u00bbbg_color\u00bb bg_color_value=\u00bb#ffffff\u00bb css=\u00bb.vc_custom_1569574160152{margin-top: -30px !important;margin-bottom: 60px !important;padding-top: 30px !important;padding-bottom: 0px !important;background-color: #ffffff !important;}\u00bb][vc_column width=\u00bb1\/5&#8243;][vc_single_image image=\u00bb28903&#8243; img_size=\u00bbfull\u00bb alignment=\u00bbcenter\u00bb][vc_column_text]<\/p>\n<h3 style=\"text-align: center;\"><span style=\"color: #ba3d3e;\">Vacaciones activas<\/span><\/h3>\n<p style=\"text-align: center;\"><a class=\"ibox\" href=\"\/es\/advanced-search\">Actividades en plena naturaleza. \u00bfTe gusta ir de excursi\u00f3n al bosque o al campo? \u00bfAcci\u00f3n de fantas\u00eda? Canotaje, pesca y ciclismo son divertidos para todas las edades ..<\/a><\/p>\n<p>[\/vc_column_text][\/vc_column][vc_column width=\u00bb1\/5&#8243;][vc_single_image image=\u00bb28889&#8243; img_size=\u00bbfull\u00bb alignment=\u00bbcenter\u00bb][vc_column_text]<\/p>\n<h3 style=\"text-align: center;\"><span style=\"color: #ba3d3e;\">Aventura<\/span><\/h3>\n<p style=\"text-align: center;\"><a class=\"ibox\" href=\"\/es\/advanced-search\">Al acampar siempre puedes oler un poco de aire de aventura. Lejos de la vida cotidiana en casa, los verdaderos aventureros encontrar\u00e1n aqu\u00ed su experiencia personal de vacaciones ..<\/a><\/p>\n<p>[\/vc_column_text][\/vc_column][vc_column width=\u00bb1\/5&#8243;][vc_single_image image=\u00bb28882&#8243; img_size=\u00bbfull\u00bb alignment=\u00bbcenter\u00bb][vc_column_text]<\/p>\n<h3 style=\"text-align: center;\"><span style=\"color: #ba3d3e;\">Recuperaci\u00f3n<\/span><\/h3>\n<p style=\"text-align: center;\"><a class=\"ibox\" href=\"\/es\/advanced-search\">Use sus vacaciones en camping para disfrutar de un descanso relajante de la vida cotidiana. Vacaciones en la naturaleza a veces es solo una estancia de pura relajaci\u00f3n ..<\/a><\/p>\n<p>[\/vc_column_text][\/vc_column][vc_column width=\u00bb1\/5&#8243;][vc_single_image image=\u00bb28875&#8243; img_size=\u00bbfull\u00bb alignment=\u00bbcenter\u00bb][vc_column_text]<\/p>\n<h3 style=\"text-align: center;\"><span style=\"color: #ba3d3e;\">BBQ<\/span><\/h3>\n<p style=\"text-align: center;\"><a class=\"ibox\" href=\"\/es\/advanced-search\">La barbacoa forma parte de las vacaciones de campamento, la barbacoa nocturna o la barbacoa com\u00fan es a menudo la conclusi\u00f3n y la conclusi\u00f3n de unas vacaciones exitosas ..<\/a><\/p>\n<p>[\/vc_column_text][\/vc_column][vc_column width=\u00bb1\/5&#8243;][vc_single_image image=\u00bb28896&#8243; img_size=\u00bbfull\u00bb alignment=\u00bbcenter\u00bb][vc_column_text]<\/p>\n<h3 style=\"text-align: center;\"><span style=\"color: #ba3d3e;\">Paisajes<\/span><\/h3>\n<p style=\"text-align: center;\"><a class=\"ibox\" href=\"\/es\/advanced-search\">Explore paisajes variados como bosques, monta\u00f1as o lagos o haga una parada en una hermosa playa de arena o en un paisaje de dunas salvaje y rom\u00e1ntico ..<\/a><\/p>\n<p>[\/vc_column_text][\/vc_column][\/vc_row][vc_row full_width=\u00bbstretch_row\u00bb css=\u00bb.vc_custom_1569574899240{margin-top: -60px !important;background-color: #ffffff !important;}\u00bb][vc_column][vc_empty_space height=\u00bb45px\u00bb][\/vc_column][\/vc_row][vc_row full_width=\u00bbstretch_row\u00bb css=\u00bb.vc_custom_1569764743867{padding-top: 10px !important;padding-bottom: 60px !important;background-color: #f2f2f2 !important;}\u00bb][vc_column width=\u00bb3\/12&#8243;][vc_column_text el_class=\u00bbfrontheading\u00bb css=\u00bb.vc_custom_1570177216568{padding-bottom: 15px !important;}\u00bb]<\/p>\n<h1 style=\"margin-bottom: 15px; text-align: left; font-size: 40px;\">Los mejores campings<\/h1>\n<div class=\"subheading\" style=\"text-align: left; margin-bottom: 15px;\">Los campings que est\u00e1n m\u00e1s reservados y son especialmente populares.<\/div>\n<p>[\/vc_column_text][\/vc_column][vc_column width=\u00bb1\/12&#8243;][\/vc_column][vc_column width=\u00bb4\/12&#8243;]<div class=\"featured_property \"><\/div>[\/vc_column][vc_column width=\u00bb4\/12&#8243;]<div class=\"featured_property \"><\/div>[\/vc_column][\/vc_row][vc_row full_width=\u00bbstretch_row\u00bb bg_type=\u00bbbg_color\u00bb css=\u00bb.vc_custom_1565940854995{margin-top: 0px !important;padding-top: 65px !important;padding-bottom: 85px !important;}\u00bb bg_color_value=\u00bb#ba3d3e\u00bb][vc_column][ultimate_heading main_heading=\u00bbEntrar al camping\u00bb main_heading_color=\u00bb#ffffff\u00bb sub_heading_color=\u00bb#ffffff\u00bb main_heading_margin=\u00bbmargin-top:15px;margin-bottom:10px;\u00bb sub_heading_margin=\u00bbmargin-top:0px;margin-bottom:15px;\u00bb el_class=\u00bbfrontheading\u00bb main_heading_style=\u00bbfont-weight:bold;\u00bb main_heading_font_size=\u00bbdesktop:40px;\u00bb sub_heading_font_size=\u00bbdesktop:16px;\u00bb]El registro lleva menos de 10 minutos: \u00a1comience hoy!<\/p>\n<p>&nbsp;<\/p>\n<p><a class=\"custom_wpestate_rentals\" href=\"\/es\/add-new-listing\/\">A\u00f1adir camping<\/a>[\/ultimate_heading][\/vc_column][\/vc_row]<\/p>\n<\/div>","protected":false},"excerpt":{"rendered":"<p>[vc_row full_width=\u00bbstretch_row\u00bb css=\u00bb.vc_custom_1567581557547{margin-top: -65px !important;margin-bottom: 0px !important;padding-top: 30px !important;padding-bottom: 0px !important;background-color: #ffffff !important;}\u00bb el_class=\u00bbzin\u00bb][vc_column css=\u00bb.vc_custom_1565856952026{margin-top: -40px !important;}\u00bb][vc_column_text el_class=\u00bbfrontheading\u00bb css=\u00bb.vc_custom_1570175775477{margin-top: 0px !important;margin-bottom: 0px !important;padding-bottom: 0px !important;}\u00bb] Las vacaciones en camping tambi\u00e9n son diferentes Descubra nuevas formas de disfrutar de unas vacaciones con toda la familia o para dos .. [\/vc_column_text][\/vc_column][\/vc_row][vc_row full_width=\u00bbstretch_row\u00bb css=\u00bb.vc_custom_1569497654119{margin-bottom: 0px !important;padding-top: 20px !important;padding-bottom: &#8230;<\/p>\n","protected":false},"author":1,"featured_media":0,"parent":0,"menu_order":0,"comment_status":"closed","ping_status":"closed","template":"","meta":{"inline_featured_image":false,"footnotes":""},"class_list":["post-28297","page","type-page","status-publish","hentry"],"_links":{"self":[{"href":"https:\/\/www.primido.com\/es\/wp-json\/wp\/v2\/pages\/28297","targetHints":{"allow":["GET"]}}],"collection":[{"href":"https:\/\/www.primido.com\/es\/wp-json\/wp\/v2\/pages"}],"about":[{"href":"https:\/\/www.primido.com\/es\/wp-json\/wp\/v2\/types\/page"}],"author":[{"embeddable":true,"href":"https:\/\/www.primido.com\/es\/wp-json\/wp\/v2\/users\/1"}],"replies":[{"embeddable":true,"href":"https:\/\/www.primido.com\/es\/wp-json\/wp\/v2\/comments?post=28297"}],"version-history":[{"count":0,"href":"https:\/\/www.primido.com\/es\/wp-json\/wp\/v2\/pages\/28297\/revisions"}],"wp:attachment":[{"href":"https:\/\/www.primido.com\/es\/wp-json\/wp\/v2\/media?parent=28297"}],"curies":[{"name":"wp","href":"https:\/\/api.w.org\/{rel}","templated":true}]}}